{"id":314,"date":"2016-02-29T21:35:02","date_gmt":"2016-03-01T04:35:02","guid":{"rendered":"https:\/\/monarchils.com\/\/?page_id=314"},"modified":"2024-09-24T12:59:45","modified_gmt":"2024-09-24T19:59:45","slug":"monarch-tailored-day-service","status":"publish","type":"page","link":"https:\/\/monarchils.com\/es\/monarch-tailored-day-service\/","title":{"rendered":"Servicios personalizados de Monarch (Monarch TDS)"},"content":{"rendered":"<hr class=\"is-style-dots wp-block-separator has-css-opacity\"\/>\n\n\n<p>Monarch Tailored Day Service (TDS) offers specialized support services outside of traditional day program hours\/structures.\u00a0 Monarch TDS seeks to support individuals with intellectual and other disabilities to successfully participate in a variety of integrated community settings, actively and successfully engaging in the activities that matter most to them. TDS provides highly individualized support, as each TDS program structure will be developed around the goals, needs, and preferences of the individual being served.<\/p>\n<p>Los servicios personalizados de Monarch ha sido dise\u00f1ado para centrarse en las siguientes \u00e1reas clave de apoyo:<\/p>\n<h3>Educaci\u00f3n postsecundaria:<\/h3>\n<p>Un vasto n\u00famero de personas con discapacidades intelectuales y otras discapacidades del desarrollo, incluyendo autismo, est\u00e1n saliendo de la escuela secundaria con planes de continuar la educaci\u00f3n a nivel universitario. Existen diferencias significativas entre la escuela secundaria y la universidad o colegio, y desafortunadamente, muchas de las personas no han recibido apoyo para desarrollar los tipos de habilidades que los preparar\u00e1n para el \u00e9xito en un ambiente a nivel universitario.<\/p>\n<p>Monarch TDS puede ayudar a las personas a navegar en los nuevos entornos, expectativas y demandas que enfrentar\u00e1n en entornos educativos postsecundarios.Las actividades para fortalecer las habilidades de funcionamiento ejecutivo y la instrucci\u00f3n expl\u00edcita en torno a la autodefensa acad\u00e9mica ir\u00e1n acompa\u00f1adas de apoyo en estas \u00e1reas adicionales: acceso a los recursos de las instalaciones, auto-divulgaci\u00f3n y defensa con los profesores, solicitud de adaptaciones, planificaci\u00f3n u organizaci\u00f3n acad\u00e9mica, gesti\u00f3n del tiempo, acad\u00e9mica y profesional, y apoyo social por parte de sus compa\u00f1eros.<\/p>\n<p>Seleccione en la pesta\u00f1a <a href=\"https:\/\/monarchils.com\/es\/academic-coaching\/\">Entrenamiento acad\u00e9mico<\/a> para obtener m\u00e1s informaci\u00f3n.<\/p>\n<h3>Empleo:<\/h3>\n<p>Individuos que desean trabajar pueden recibir el apoyo necesario para prepararse, buscar, obtener y mantener un empleo con paga. A las personas que requieren capacitaci\u00f3n antes de ingresar a la fuerza laboral, se les ense\u00f1ar\u00e1n las habilidades relevantes para cumplir con las expectativas del lugar de trabajo. Para individuos que tienen la meta de obtener empleo, los proveedores de servicios personalizados gu\u00edan a las personas a trav\u00e9s de la b\u00fasqueda de empleo, los apoyan en el proceso de solicitud y la entrevista, y brindan la capacitaci\u00f3n necesaria en el lugar de trabajo para que la persona tenga \u00e9xito y mantenga su puesto.<\/p>\n<p>Seleccione en la pesta\u00f1a <a href=\"https:\/\/monarchils.com\/es\/employment-support\/\">Apoyo en el empleo<\/a> para obtener m\u00e1s informaci\u00f3n.<\/p>\n<h3>Voluntariado:<\/h3>\n<p>Individuos queriendo desarrollar roles como miembros contribuidores involucrados en sus comunidades por medio de voluntariado, recibir\u00e1n apoyo en: identificar y buscar oportunidades de voluntariado que les motiva, navegar el sitio donde ser\u00e1 voluntario, aprenderse las tareas requeridas, desarrollar y mantener una conexi\u00f3n positiva con otros voluntarios y los supervisores.<\/p>\n<h3>Apoyo espec\u00edfico de transici\u00f3n:<\/h3>\n<p>Monarch se compromete a abordar las necesidades, a menudo insatisfechas de las personas con discapacidad intelectual y otras discapacidades del desarrollo que est\u00e1n haciendo la transici\u00f3n de un ambiente de educaci\u00f3n especial y est\u00e1n ingresando a los servicios para adultos. El periodo de transici\u00f3n es un momento de cambio que, si no se est\u00e1 preparado, puede ser abrumador para los individuos y sus familias. La educaci\u00f3n y la preparaci\u00f3n adecuada pueden convertir posibles factores estresantes en oportunidades para tomar medidas proactivas en una direcci\u00f3n positiva. Monarch busca apoyar a las personas en edad de transici\u00f3n para navegar el proceso de transici\u00f3n y crear una entrada exitosa en la edad adulta.<\/p>\n<p>A las personas en edad de transici\u00f3n que ingresen al programa se les ofrecer\u00e1 una reuni\u00f3n de planificaci\u00f3n de transici\u00f3n, a la que asistir\u00e1n una variedad de personas profesionales y no profesionales que los conocen y se preocupan por ellos (incluyendo miembros de la familia, amigos, maestros anteriores o actuales y asistentes de clase, apoyo personal y coordinador\/a de servicios del centro regional). Un equipo de apoyo de personas que invierten en el \u00e9xito del individuo, que se comunican de manera efectiva y trabajan juntas para apoyar a esa persona en la planificaci\u00f3n y creaci\u00f3n del futuro deseado, hace una diferencia significativa durante la planificaci\u00f3n de la transici\u00f3n. Las reuniones de planificaci\u00f3n centradas en la persona pueden consolidar el equipo interdisciplinario y dar como resultado planes de acci\u00f3n destinados a mejorar la eficacia de la programaci\u00f3n y resaltar la importancia de los apoyos naturales.<\/p>\n<p>A medida que aumenta el n\u00famero de participantes en edad de transici\u00f3n que reciben servicios personalizados a trav\u00e9s de Monarch, Monarch organizara un \u201cclub de transici\u00f3n\u201d mensual. Se invitara a las personas que se encuentran en edad de transici\u00f3n a asistir a este club, que se organizara en la oficina de Monarch una vez al mes y que tendr\u00e1 un componente social y temas de discusi\u00f3n mensuales relacionados con la fase de transici\u00f3n de la vida y la preparaci\u00f3n para la edad adulta. En conjunto con el club de transici\u00f3n, habr\u00e1 un grupo de apoyo para padres, donde los padres pueden reunirse para alentarlos y apoyarlos, y a la vez para aprender sobre un tema mensual relacionado con la transici\u00f3n o los servicios para adultos. El club de transici\u00f3n y el grupo de padres se llevar\u00e1 a cabo al mismo tiempo, en siguiente sal\u00f3n, para aumentar la comodidad de los que asistan. Ambos grupos tendr\u00e1n personal presente para facilitar las conversaciones.<\/p>\n<p><strong>Actividades adicionales complementaria a las mencionadas anteriormente pueden incluir:<\/strong><\/p>\n<p>Integraci\u00f3n comunitaria, ejercicios, manejo de estr\u00e9s, instrucci\u00f3n de alfabetizaci\u00f3n, habilidades inform\u00e1ticas y acceso a la tecnolog\u00eda, introducci\u00f3n de habilidades de empoderamiento y apoyo, instrucci\u00f3n de habilidades de autodeterminaci\u00f3n, desarrollo de habilidades sociales, educaci\u00f3n sobre salud y bienestar, y expresi\u00f3n creativa.<\/p>\n<p><em>*<span id=\"terms\"> <\/span> only 5.5 hours of service per week will be authorized; unused hours cannot be made up on subsequent weeks.\u00a0 This does not apply to private pay clients.<\/em><\/p>","protected":false},"excerpt":{"rendered":"<p>Monarch Tailored Day Service (TDS) offers specialized support services outside of traditional day program hours\/structures.\u00a0 Monarch TDS seeks to support [&hellip;]<\/p>\n","protected":false},"author":3,"featured_media":0,"parent":0,"menu_order":0,"comment_status":"closed","ping_status":"closed","template":"","meta":{"nf_dc_page":"","jetpack_post_was_ever_published":false,"footnotes":""},"class_list":["post-314","page","type-page","status-publish","hentry"],"yoast_head":"<!-- This site is optimized with the Yoast SEO plugin v27.4 - https:\/\/yoast.com\/product\/yoast-seo-wordpress\/ -->\n<title>Monarch Tailored Day Service - Monarch ILS<\/title>\n<meta name=\"robots\" content=\"index, follow, max-snippet:-1, max-image-preview:large, max-video-preview:-1\" \/>\n<link rel=\"canonical\" href=\"https:\/\/monarchils.com\/es\/monarch-tailored-day-service\/\" \/>\n<meta property=\"og:locale\" content=\"es_MX\" \/>\n<meta property=\"og:type\" content=\"article\" \/>\n<meta property=\"og:title\" content=\"Monarch Tailored Day Service - Monarch ILS\" \/>\n<meta property=\"og:description\" content=\"Monarch Tailored Day Service (TDS) offers specialized support services outside of traditional day program hours\/structures.\u00a0 Monarch TDS seeks to support [&hellip;]\" \/>\n<meta property=\"og:url\" content=\"https:\/\/monarchils.com\/es\/monarch-tailored-day-service\/\" \/>\n<meta property=\"og:site_name\" content=\"Monarch ILS\" \/>\n<meta property=\"article:publisher\" content=\"https:\/\/www.facebook.com\/pages\/Monarch-Independent-Living-Services-Inc\/290666804692\" \/>\n<meta property=\"article:modified_time\" content=\"2024-09-24T19:59:45+00:00\" \/>\n<meta property=\"og:image\" content=\"https:\/\/i0.wp.com\/monarchils.com\/wp-content\/uploads\/monarch.jpg?fit=217%2C248&ssl=1\" \/>\n\t<meta property=\"og:image:width\" content=\"217\" \/>\n\t<meta property=\"og:image:height\" content=\"248\" \/>\n\t<meta property=\"og:image:type\" content=\"image\/jpeg\" \/>\n<meta name=\"twitter:label1\" content=\"Tiempo de lectura\" \/>\n\t<meta name=\"twitter:data1\" content=\"4 minutos\" \/>\n<script type=\"application\/ld+json\" class=\"yoast-schema-graph\">{\"@context\":\"https:\\\/\\\/schema.org\",\"@graph\":[{\"@type\":\"WebPage\",\"@id\":\"https:\\\/\\\/monarchils.com\\\/monarch-tailored-day-service\\\/\",\"url\":\"https:\\\/\\\/monarchils.com\\\/monarch-tailored-day-service\\\/\",\"name\":\"Monarch Tailored Day Service - Monarch ILS\",\"isPartOf\":{\"@id\":\"https:\\\/\\\/monarchils.com\\\/#website\"},\"datePublished\":\"2016-03-01T04:35:02+00:00\",\"dateModified\":\"2024-09-24T19:59:45+00:00\",\"breadcrumb\":{\"@id\":\"https:\\\/\\\/monarchils.com\\\/monarch-tailored-day-service\\\/#breadcrumb\"},\"inLanguage\":\"es\",\"potentialAction\":[{\"@type\":\"ReadAction\",\"target\":[\"https:\\\/\\\/monarchils.com\\\/monarch-tailored-day-service\\\/\"]}]},{\"@type\":\"BreadcrumbList\",\"@id\":\"https:\\\/\\\/monarchils.com\\\/monarch-tailored-day-service\\\/#breadcrumb\",\"itemListElement\":[{\"@type\":\"ListItem\",\"position\":1,\"name\":\"Home\",\"item\":\"https:\\\/\\\/monarchils.com\\\/\"},{\"@type\":\"ListItem\",\"position\":2,\"name\":\"Monarch Tailored Day Service\"}]},{\"@type\":\"WebSite\",\"@id\":\"https:\\\/\\\/monarchils.com\\\/#website\",\"url\":\"https:\\\/\\\/monarchils.com\\\/\",\"name\":\"Monarch ILS\",\"description\":\"\",\"publisher\":{\"@id\":\"https:\\\/\\\/monarchils.com\\\/#organization\"},\"potentialAction\":[{\"@type\":\"SearchAction\",\"target\":{\"@type\":\"EntryPoint\",\"urlTemplate\":\"https:\\\/\\\/monarchils.com\\\/?s={search_term_string}\"},\"query-input\":{\"@type\":\"PropertyValueSpecification\",\"valueRequired\":true,\"valueName\":\"search_term_string\"}}],\"inLanguage\":\"es\"},{\"@type\":\"Organization\",\"@id\":\"https:\\\/\\\/monarchils.com\\\/#organization\",\"name\":\"Monarch ILS\",\"url\":\"https:\\\/\\\/monarchils.com\\\/\",\"logo\":{\"@type\":\"ImageObject\",\"inLanguage\":\"es\",\"@id\":\"https:\\\/\\\/monarchils.com\\\/#\\\/schema\\\/logo\\\/image\\\/\",\"url\":\"https:\\\/\\\/i0.wp.com\\\/monarchils.com\\\/wp-content\\\/uploads\\\/Monarch-logo-horizontal_transparent-1-2.png?fit=2500%2C498&ssl=1\",\"contentUrl\":\"https:\\\/\\\/i0.wp.com\\\/monarchils.com\\\/wp-content\\\/uploads\\\/Monarch-logo-horizontal_transparent-1-2.png?fit=2500%2C498&ssl=1\",\"width\":2500,\"height\":498,\"caption\":\"Monarch ILS\"},\"image\":{\"@id\":\"https:\\\/\\\/monarchils.com\\\/#\\\/schema\\\/logo\\\/image\\\/\"},\"sameAs\":[\"https:\\\/\\\/www.facebook.com\\\/pages\\\/Monarch-Independent-Living-Services-Inc\\\/290666804692\"]}]}<\/script>\n<!-- \/ Yoast SEO plugin. -->","yoast_head_json":{"title":"Monarch Tailored Day Service - Monarch ILS","robots":{"index":"index","follow":"follow","max-snippet":"max-snippet:-1","max-image-preview":"max-image-preview:large","max-video-preview":"max-video-preview:-1"},"canonical":"https:\/\/monarchils.com\/es\/monarch-tailored-day-service\/","og_locale":"es_MX","og_type":"article","og_title":"Monarch Tailored Day Service - Monarch ILS","og_description":"Monarch Tailored Day Service (TDS) offers specialized support services outside of traditional day program hours\/structures.\u00a0 Monarch TDS seeks to support [&hellip;]","og_url":"https:\/\/monarchils.com\/es\/monarch-tailored-day-service\/","og_site_name":"Monarch ILS","article_publisher":"https:\/\/www.facebook.com\/pages\/Monarch-Independent-Living-Services-Inc\/290666804692","article_modified_time":"2024-09-24T19:59:45+00:00","og_image":[{"width":217,"height":248,"url":"https:\/\/i0.wp.com\/monarchils.com\/wp-content\/uploads\/monarch.jpg?fit=217%2C248&ssl=1","type":"image\/jpeg"}],"twitter_misc":{"Tiempo de lectura":"4 minutos"},"schema":{"@context":"https:\/\/schema.org","@graph":[{"@type":"WebPage","@id":"https:\/\/monarchils.com\/monarch-tailored-day-service\/","url":"https:\/\/monarchils.com\/monarch-tailored-day-service\/","name":"Monarch Tailored Day Service - Monarch ILS","isPartOf":{"@id":"https:\/\/monarchils.com\/#website"},"datePublished":"2016-03-01T04:35:02+00:00","dateModified":"2024-09-24T19:59:45+00:00","breadcrumb":{"@id":"https:\/\/monarchils.com\/monarch-tailored-day-service\/#breadcrumb"},"inLanguage":"es","potentialAction":[{"@type":"ReadAction","target":["https:\/\/monarchils.com\/monarch-tailored-day-service\/"]}]},{"@type":"BreadcrumbList","@id":"https:\/\/monarchils.com\/monarch-tailored-day-service\/#breadcrumb","itemListElement":[{"@type":"ListItem","position":1,"name":"Home","item":"https:\/\/monarchils.com\/"},{"@type":"ListItem","position":2,"name":"Monarch Tailored Day Service"}]},{"@type":"WebSite","@id":"https:\/\/monarchils.com\/#website","url":"https:\/\/monarchils.com\/","name":"Monarch ILS","description":"","publisher":{"@id":"https:\/\/monarchils.com\/#organization"},"potentialAction":[{"@type":"SearchAction","target":{"@type":"EntryPoint","urlTemplate":"https:\/\/monarchils.com\/?s={search_term_string}"},"query-input":{"@type":"PropertyValueSpecification","valueRequired":true,"valueName":"search_term_string"}}],"inLanguage":"es"},{"@type":"Organization","@id":"https:\/\/monarchils.com\/#organization","name":"Monarch ILS","url":"https:\/\/monarchils.com\/","logo":{"@type":"ImageObject","inLanguage":"es","@id":"https:\/\/monarchils.com\/#\/schema\/logo\/image\/","url":"https:\/\/i0.wp.com\/monarchils.com\/wp-content\/uploads\/Monarch-logo-horizontal_transparent-1-2.png?fit=2500%2C498&ssl=1","contentUrl":"https:\/\/i0.wp.com\/monarchils.com\/wp-content\/uploads\/Monarch-logo-horizontal_transparent-1-2.png?fit=2500%2C498&ssl=1","width":2500,"height":498,"caption":"Monarch ILS"},"image":{"@id":"https:\/\/monarchils.com\/#\/schema\/logo\/image\/"},"sameAs":["https:\/\/www.facebook.com\/pages\/Monarch-Independent-Living-Services-Inc\/290666804692"]}]}},"jetpack_sharing_enabled":true,"jetpack_shortlink":"https:\/\/wp.me\/P7i5mi-54","_links":{"self":[{"href":"https:\/\/monarchils.com\/es\/wp-json\/wp\/v2\/pages\/314","targetHints":{"allow":["GET"]}}],"collection":[{"href":"https:\/\/monarchils.com\/es\/wp-json\/wp\/v2\/pages"}],"about":[{"href":"https:\/\/monarchils.com\/es\/wp-json\/wp\/v2\/types\/page"}],"author":[{"embeddable":true,"href":"https:\/\/monarchils.com\/es\/wp-json\/wp\/v2\/users\/3"}],"replies":[{"embeddable":true,"href":"https:\/\/monarchils.com\/es\/wp-json\/wp\/v2\/comments?post=314"}],"version-history":[{"count":5,"href":"https:\/\/monarchils.com\/es\/wp-json\/wp\/v2\/pages\/314\/revisions"}],"predecessor-version":[{"id":1441,"href":"https:\/\/monarchils.com\/es\/wp-json\/wp\/v2\/pages\/314\/revisions\/1441"}],"wp:attachment":[{"href":"https:\/\/monarchils.com\/es\/wp-json\/wp\/v2\/media?parent=314"}],"curies":[{"name":"wp","href":"https:\/\/api.w.org\/{rel}","templated":true}]}}