{"id":4,"date":"2009-04-10T14:19:24","date_gmt":"2009-04-10T22:19:24","guid":{"rendered":"http:\/\/agaveweb.com\/pinkcaterpillar\/?page_id=3"},"modified":"2024-11-14T11:45:00","modified_gmt":"2024-11-14T19:45:00","slug":"welcome-to-monarch-independent-living-services","status":"publish","type":"page","link":"https:\/\/monarchils.com\/es\/","title":{"rendered":"\u00a1Bienvenido a Monarch!"},"content":{"rendered":"<div id=\"pl-4\"  class=\"panel-layout\" ><div id=\"pg-4-0\"  class=\"panel-grid panel-has-style\" ><div class=\"siteorigin-panels-stretch panel-row-style panel-row-style-for-4-0\" data-stretch-type=\"full\" ><div id=\"pgc-4-0-0\"  class=\"panel-grid-cell panel-grid-cell-mobile-last\" ><div id=\"panel-4-0-0-0\" class=\"so-panel widget widget_sow-editor panel-first-child panel-last-child\" data-index=\"0\" ><div class=\"panel-widget-style panel-widget-style-for-4-0-0-0\" ><div\n\t\t\t\n\t\t\tclass=\"so-widget-sow-editor so-widget-sow-editor-base\"\n\t\t\t\n\t\t>\n<div class=\"siteorigin-widget-tinymce textwidget\">\n\t<div style=\"padding: 10vh 0 15vh;\">\n<h1 style=\"text-align: left; font-size: clamp(24px, 4vw, 70px); !important; text-shadow: 2px 2px 2px rgba(0,0,0,0.7); color: #fff;\">MONARCH ILS<\/h1>\n<\/div>\n<\/div>\n<\/div><\/div><\/div><\/div><div id=\"pgc-4-0-1\"  class=\"panel-grid-cell panel-grid-cell-empty\" ><\/div><\/div><\/div><div id=\"pg-4-1\"  class=\"panel-grid panel-no-style\" ><div id=\"pgc-4-1-0\"  class=\"panel-grid-cell panel-grid-cell-empty\" ><\/div><\/div><div id=\"pg-4-2\"  class=\"panel-grid panel-has-style\" ><div class=\"panel-row-style panel-row-style-for-4-2\" ><div id=\"pgc-4-2-0\"  class=\"panel-grid-cell\" ><div id=\"panel-4-2-0-0\" class=\"so-panel widget widget_sow-editor panel-first-child panel-last-child\" data-index=\"1\" ><div class=\"front_page panel-widget-style panel-widget-style-for-4-2-0-0\" ><div\n\t\t\t\n\t\t\tclass=\"so-widget-sow-editor so-widget-sow-editor-base\"\n\t\t\t\n\t\t>\n<div class=\"siteorigin-widget-tinymce textwidget\">\n\t<h2 style=\"font-size: 1.2em; margin-bottom: 20px; text-align: left;\"><strong>Incrementar independencia y crear un sentido de  comunidad para personas con discapacidades de desarrollo.<\/strong><\/h2>\n<div><span style=\"font-size: large;\">Nuestros servicios son centrados en las personas y est\u00e1n dise\u00f1ados para ayudar a los individuos a ser m\u00e1s independientes, empoderados, e involucrados en la comunidad. Los programas de instrucci\u00f3n y apoyo son altamente individualizados y desarrollados en torno a las necesidades y objetivos de cada individuo. El apoyo se puede brindar en el hogar, en la comunidad, en la escuela o el trabajo, \u00f3 dentro de clases de grupo creadas alrededor de intereses y necesidades compartidas.<\/span><\/div>\n<div><\/div>\n<\/div>\n<\/div><\/div><\/div><\/div><div id=\"pgc-4-2-1\"  class=\"panel-grid-cell\" ><div id=\"panel-4-2-1-0\" class=\"so-panel widget widget_sow-image panel-first-child panel-last-child\" data-index=\"2\" ><div class=\"pic panel-widget-style panel-widget-style-for-4-2-1-0\" ><div\n\t\t\t\n\t\t\tclass=\"so-widget-sow-image so-widget-sow-image-default-8b5b6f678277-4\"\n\t\t\t\n\t\t>\n<div class=\"sow-image-container\">\n\t\t<img \n\tsrc=\"https:\/\/i0.wp.com\/monarchils.com\/wp-content\/uploads\/b349728f-c06e-4c68-b13c-0ae12389bf1e.jpg?fit=276%2C491&amp;ssl=1\" width=\"276\" height=\"491\" srcset=\"https:\/\/i0.wp.com\/monarchils.com\/wp-content\/uploads\/b349728f-c06e-4c68-b13c-0ae12389bf1e.jpg?w=276&amp;ssl=1 276w, https:\/\/i0.wp.com\/monarchils.com\/wp-content\/uploads\/b349728f-c06e-4c68-b13c-0ae12389bf1e.jpg?resize=169%2C300&amp;ssl=1 169w\" alt=\"Woman doing laundry\" \t\tclass=\"so-widget-image\"\/>\n\t<\/div>\n\n<\/div><\/div><\/div><\/div><div id=\"pgc-4-2-2\"  class=\"panel-grid-cell\" ><div id=\"panel-4-2-2-0\" class=\"so-panel widget widget_sow-image panel-first-child panel-last-child\" data-index=\"3\" ><div class=\"pic panel-widget-style panel-widget-style-for-4-2-2-0\" ><div\n\t\t\t\n\t\t\tclass=\"so-widget-sow-image so-widget-sow-image-default-8b5b6f678277-4\"\n\t\t\t\n\t\t>\n<div class=\"sow-image-container\">\n\t\t<img \n\tsrc=\"https:\/\/i0.wp.com\/monarchils.com\/wp-content\/uploads\/200ca17f-2c19-4368-9ae3-850f7b3d2dce.jpg?fit=232%2C413&amp;ssl=1\" width=\"232\" height=\"413\" srcset=\"https:\/\/i0.wp.com\/monarchils.com\/wp-content\/uploads\/200ca17f-2c19-4368-9ae3-850f7b3d2dce.jpg?w=232&amp;ssl=1 232w, https:\/\/i0.wp.com\/monarchils.com\/wp-content\/uploads\/200ca17f-2c19-4368-9ae3-850f7b3d2dce.jpg?resize=169%2C300&amp;ssl=1 169w\" alt=\"Woman shopping\" \t\tclass=\"so-widget-image\"\/>\n\t<\/div>\n\n<\/div><\/div><\/div><\/div><\/div><\/div><div id=\"pg-4-3\"  class=\"panel-grid panel-has-style\" ><div class=\"siteorigin-panels-stretch panel-row-style panel-row-style-for-4-3\" id=\"servicesrow\" data-stretch-type=\"full\" ><div id=\"pgc-4-3-0\"  class=\"panel-grid-cell\" ><div id=\"panel-4-3-0-0\" class=\"so-panel widget widget_sow-editor panel-first-child\" data-index=\"4\" ><div class=\"ourservices panel-widget-style panel-widget-style-for-4-3-0-0\" ><div\n\t\t\t\n\t\t\tclass=\"so-widget-sow-editor so-widget-sow-editor-base\"\n\t\t\t\n\t\t><h3 class=\"widget-title\">Nuestros servicios<\/h3>\n<div class=\"siteorigin-widget-tinymce textwidget\">\n\t<\/div>\n<\/div><\/div><\/div><div id=\"panel-4-3-0-1\" class=\"so-panel widget widget_sow-features\" data-index=\"5\" ><div\n\t\t\t\n\t\t\tclass=\"so-widget-sow-features so-widget-sow-features-default-da4138b72151-4\"\n\t\t\t\n\t\t><ul\n\tclass=\"sow-features-list\tsow-features-responsive\">\n\n\t\t\t<li\n\t\t\tclass=\"sow-features-feature sow-icon-container-position-top\"\n\t\t\tstyle=\"display: flex; flex-direction: column; width: calc(33.333% - 25px);\"\n\t\t>\n\t\t\t\n\t\t\t\t\t\t\t<div class=\"sow-features-feature-right-left-container\" style=\"display: flex; flex-direction: inherit;\">\n\t\t\t\t\t\t\t<div\t\t\t\tclass=\"sow-icon-container sow-container-round\"\n\t\t\t\tstyle=\"color: #f49f10; \"\n\t\t\t\ttitle=\"Icono\"\n\t\t\t\t\t\t\t>\n\t\t\t\t<span class=\"sow-icon-fontawesome sow-fas\" data-sow-icon=\"&#xf015;\"\n\t\tstyle=\"font-size: 24px; color: #FFFFFF\" \n\t\taria-hidden=\"true\"><\/span>\t\t\t<\/div>\n\n\t\t\t<div class=\"textwidget\">\n\t\t\t\t\t\t\t\t\t<div class=\"sow-features-feature-content\">\n\t\t\t\t\n\t\t\t\t\t\t\t\t\t<h5 class=\"sow-features-feature-title\">\n\t\t\t\t\t\t\t\t\t\t\t\t\t<a\n\t\t\t\t\t\t\t\thref=\"https:\/\/monarchils.com\/es\/independent-living-services\/\"\n\t\t\t\t\t\t\t\t\t\t\t\t\t\t\t>\n\t\t\t\t\t\t\tServicios de vida independiente\t\t\t\t\t\t\t<\/a>\n\t\t\t\t\t\t\t\t\t\t\t\t<\/h5>\n\t\t\t\t\n\t\t\t\t\t\t\t\t\t<\/div>\n\t\t\t\t\t<p class=\"sow-more-text\">\n\t\t\t\t\t\t<a href=\"https:\/\/monarchils.com\/es\/independent-living-services\/\" >\t\t\t\t\t\tM\u00e1s\t\t\t\t\t\t<\/a>\t\t\t\t\t<\/p>\n\t\t\t\t\t\t\t<\/div>\n\t\t\t\t\t\t\t<\/div>\n\t\t\t\t\t\t\t\t<\/li>\n\n\t\t\t<li\n\t\t\tclass=\"sow-features-feature sow-icon-container-position-top\"\n\t\t\tstyle=\"display: flex; flex-direction: column; width: calc(33.333% - 25px);\"\n\t\t>\n\t\t\t\n\t\t\t\t\t\t\t<div class=\"sow-features-feature-right-left-container\" style=\"display: flex; flex-direction: inherit;\">\n\t\t\t\t\t\t\t<div\t\t\t\tclass=\"sow-icon-container sow-container-round\"\n\t\t\t\tstyle=\"color: #f49f10; \"\n\t\t\t\ttitle=\"Icono\"\n\t\t\t\t\t\t\t>\n\t\t\t\t<span class=\"sow-icon-fontawesome sow-fab\" data-sow-icon=\"&#xf368;\"\n\t\tstyle=\"font-size: 24px; color: #FFFFFF\" \n\t\taria-hidden=\"true\"><\/span>\t\t\t<\/div>\n\n\t\t\t<div class=\"textwidget\">\n\t\t\t\t\t\t\t\t\t<div class=\"sow-features-feature-content\">\n\t\t\t\t\n\t\t\t\t\t\t\t\t\t<h5 class=\"sow-features-feature-title\">\n\t\t\t\t\t\t\t\t\t\t\t\t\t<a\n\t\t\t\t\t\t\t\thref=\"https:\/\/monarchils.com\/es\/monarch-tailored-day-service\/\"\n\t\t\t\t\t\t\t\t\t\t\t\t\t\t\t>\n\t\t\t\t\t\t\tServicios personalizados (Monarch TDS)     \t\t\t\t\t\t\t<\/a>\n\t\t\t\t\t\t\t\t\t\t\t\t<\/h5>\n\t\t\t\t\n\t\t\t\t\t\t\t\t\t<\/div>\n\t\t\t\t\t<p class=\"sow-more-text\">\n\t\t\t\t\t\t<a href=\"https:\/\/monarchils.com\/es\/monarch-tailored-day-service\/\" >\t\t\t\t\t\tM\u00e1s\t\t\t\t\t\t<\/a>\t\t\t\t\t<\/p>\n\t\t\t\t\t\t\t<\/div>\n\t\t\t\t\t\t\t<\/div>\n\t\t\t\t\t\t\t\t<\/li>\n\n\t\t\t<li\n\t\t\tclass=\"sow-features-feature sow-icon-container-position-top\"\n\t\t\tstyle=\"display: flex; flex-direction: column; width: calc(33.333% - 25px);\"\n\t\t>\n\t\t\t\n\t\t\t\t\t\t\t<div class=\"sow-features-feature-right-left-container\" style=\"display: flex; flex-direction: inherit;\">\n\t\t\t\t\t\t\t<div\t\t\t\tclass=\"sow-icon-container sow-container-round\"\n\t\t\t\tstyle=\"color: #f49f10; \"\n\t\t\t\ttitle=\"Icono\"\n\t\t\t\t\t\t\t>\n\t\t\t\t<span class=\"sow-icon-fontawesome sow-fas\" data-sow-icon=\"&#xf2b5;\"\n\t\tstyle=\"font-size: 24px; color: #FFFFFF\" \n\t\taria-hidden=\"true\"><\/span>\t\t\t<\/div>\n\n\t\t\t<div class=\"textwidget\">\n\t\t\t\t\t\t\t\t\t<div class=\"sow-features-feature-content\">\n\t\t\t\t\n\t\t\t\t\t\t\t\t\t<h5 class=\"sow-features-feature-title\">\n\t\t\t\t\t\t\t\t\t\t\t\t\t<a\n\t\t\t\t\t\t\t\thref=\"https:\/\/monarchils.com\/es\/monarch-tailored-day-service\/\"\n\t\t\t\t\t\t\t\t\t\t\t\t\t\t\t>\n\t\t\t\t\t\t\t Apoyo en el empleo        \t\t\t\t\t\t\t<\/a>\n\t\t\t\t\t\t\t\t\t\t\t\t<\/h5>\n\t\t\t\t\n\t\t\t\t\t\t\t\t\t<\/div>\n\t\t\t\t\t<p class=\"sow-more-text\">\n\t\t\t\t\t\t<a href=\"https:\/\/monarchils.com\/es\/monarch-tailored-day-service\/\" >\t\t\t\t\t\tM\u00e1s\t\t\t\t\t\t<\/a>\t\t\t\t\t<\/p>\n\t\t\t\t\t\t\t<\/div>\n\t\t\t\t\t\t\t<\/div>\n\t\t\t\t\t\t\t\t<\/li>\n\n\t\t\t<li\n\t\t\tclass=\"sow-features-feature sow-icon-container-position-top\"\n\t\t\tstyle=\"display: flex; flex-direction: column; width: calc(33.333% - 25px);\"\n\t\t>\n\t\t\t\n\t\t\t\t\t\t\t<div class=\"sow-features-feature-right-left-container\" style=\"display: flex; flex-direction: inherit;\">\n\t\t\t\t\t\t\t<div\t\t\t\tclass=\"sow-icon-container sow-container-round\"\n\t\t\t\tstyle=\"color: #f49f10; \"\n\t\t\t\ttitle=\"Icono\"\n\t\t\t\t\t\t\t>\n\t\t\t\t<span class=\"sow-icon-fontawesome sow-fas\" data-sow-icon=\"&#xf5da;\"\n\t\tstyle=\"font-size: 24px; color: #FFFFFF\" \n\t\taria-hidden=\"true\"><\/span>\t\t\t<\/div>\n\n\t\t\t<div class=\"textwidget\">\n\t\t\t\t\t\t\t\t\t<div class=\"sow-features-feature-content\">\n\t\t\t\t\n\t\t\t\t\t\t\t\t\t<h5 class=\"sow-features-feature-title\">\n\t\t\t\t\t\t\t\t\t\t\t\t\t<a\n\t\t\t\t\t\t\t\thref=\"https:\/\/monarchils.com\/es\/academic-coaching\/\"\n\t\t\t\t\t\t\t\t\t\t\t\t\t\t\t>\n\t\t\t\t\t\t\tEntrenamiento acad\u00e9mico\t\t\t\t\t\t\t<\/a>\n\t\t\t\t\t\t\t\t\t\t\t\t<\/h5>\n\t\t\t\t\n\t\t\t\t\t\t\t\t\t<\/div>\n\t\t\t\t\t<p class=\"sow-more-text\">\n\t\t\t\t\t\t<a href=\"https:\/\/monarchils.com\/es\/academic-coaching\/\" >\t\t\t\t\t\tM\u00e1s\t\t\t\t\t\t<\/a>\t\t\t\t\t<\/p>\n\t\t\t\t\t\t\t<\/div>\n\t\t\t\t\t\t\t<\/div>\n\t\t\t\t\t\t\t\t<\/li>\n\n\t\t\t<li\n\t\t\tclass=\"sow-features-feature sow-icon-container-position-top\"\n\t\t\tstyle=\"display: flex; flex-direction: column; width: calc(33.333% - 25px);\"\n\t\t>\n\t\t\t\n\t\t\t\t\t\t\t<div class=\"sow-features-feature-right-left-container\" style=\"display: flex; flex-direction: inherit;\">\n\t\t\t\t\t\t\t<div\t\t\t\tclass=\"sow-icon-container sow-container-round\"\n\t\t\t\tstyle=\"color: #f49f10; \"\n\t\t\t\ttitle=\"Icono\"\n\t\t\t\t\t\t\t>\n\t\t\t\t<span class=\"sow-icon-fontawesome sow-fas\" data-sow-icon=\"&#xf0c0;\"\n\t\tstyle=\"font-size: 24px; color: #FFFFFF\" \n\t\taria-hidden=\"true\"><\/span>\t\t\t<\/div>\n\n\t\t\t<div class=\"textwidget\">\n\t\t\t\t\t\t\t\t\t<div class=\"sow-features-feature-content\">\n\t\t\t\t\n\t\t\t\t\t\t\t\t\t<h5 class=\"sow-features-feature-title\">\n\t\t\t\t\t\t\t\t\t\t\t\t\t<a\n\t\t\t\t\t\t\t\thref=\"https:\/\/monarchils.com\/es\/classes-and-workshops\/\"\n\t\t\t\t\t\t\t\t\t\t\t\t\t\t\t>\n\t\t\t\t\t\t\tClases y talleres\t\t\t\t\t\t\t<\/a>\n\t\t\t\t\t\t\t\t\t\t\t\t<\/h5>\n\t\t\t\t\n\t\t\t\t\t\t\t\t\t<\/div>\n\t\t\t\t\t<p class=\"sow-more-text\">\n\t\t\t\t\t\t<a href=\"https:\/\/monarchils.com\/es\/classes-and-workshops\/\" >\t\t\t\t\t\tM\u00e1s\t\t\t\t\t\t<\/a>\t\t\t\t\t<\/p>\n\t\t\t\t\t\t\t<\/div>\n\t\t\t\t\t\t\t<\/div>\n\t\t\t\t\t\t\t\t<\/li>\n\n\t\t\t<li\n\t\t\tclass=\"sow-features-feature sow-icon-container-position-top\"\n\t\t\tstyle=\"display: flex; flex-direction: column; width: calc(33.333% - 25px);\"\n\t\t>\n\t\t\t\n\t\t\t\t\t\t\t<div class=\"sow-features-feature-right-left-container\" style=\"display: flex; flex-direction: inherit;\">\n\t\t\t\t\t\t\t<div\t\t\t\tclass=\"sow-icon-container sow-container-round\"\n\t\t\t\tstyle=\"color: #f49f10; \"\n\t\t\t\ttitle=\"Icono\"\n\t\t\t\t\t\t\t>\n\t\t\t\t<span class=\"sow-icon-fontawesome sow-fas\" data-sow-icon=\"&#xf073;\"\n\t\tstyle=\"font-size: 24px; color: #FFFFFF\" \n\t\taria-hidden=\"true\"><\/span>\t\t\t<\/div>\n\n\t\t\t<div class=\"textwidget\">\n\t\t\t\t\t\t\t\t\t<div class=\"sow-features-feature-content\">\n\t\t\t\t\n\t\t\t\t\t\t\t\t\t<h5 class=\"sow-features-feature-title\">\n\t\t\t\t\t\t\t\t\t\t\t\t\t<a\n\t\t\t\t\t\t\t\thref=\"https:\/\/monarchils.com\/es\/community-classes\/\"\n\t\t\t\t\t\t\t\t\t\t\t\t\t\t\t>\n\t\t\t\t\t\t\tEventos y actividades\t\t\t\t\t\t\t<\/a>\n\t\t\t\t\t\t\t\t\t\t\t\t<\/h5>\n\t\t\t\t\n\t\t\t\t\t\t\t\t\t<\/div>\n\t\t\t\t\t<p class=\"sow-more-text\">\n\t\t\t\t\t\t<a href=\"https:\/\/monarchils.com\/es\/community-classes\/\" >\t\t\t\t\t\tM\u00e1s\t\t\t\t\t\t<\/a>\t\t\t\t\t<\/p>\n\t\t\t\t\t\t\t<\/div>\n\t\t\t\t\t\t\t<\/div>\n\t\t\t\t\t\t\t\t<\/li>\n\n\t<\/ul>\n<\/div><\/div><div id=\"panel-4-3-0-2\" class=\"so-panel widget widget_sow-editor panel-last-child\" data-index=\"6\" ><div class=\"front_page panel-widget-style panel-widget-style-for-4-3-0-2\" ><div\n\t\t\t\n\t\t\tclass=\"so-widget-sow-editor so-widget-sow-editor-base\"\n\t\t\t\n\t\t>\n<div class=\"siteorigin-widget-tinymce textwidget\">\n\t<h2 style=\"font-size: 1.2em; margin-bottom: 20px; text-align: left;\"><strong>Your Rights: Appeals, Complaints, &amp; Whistleblower<\/strong><\/h2>\n<div><a href=\"https:\/\/www.dds.ca.gov\/general\/appeals-complaints-comments\/\"><b>View the California Department of Developmental Services (DDS) website<\/b><\/a><span style=\"font-weight: 400;\"> in order to obtain description of the appeals procedure set forth in Chapter 7 of the Lanterman Act. You may also call DDS at <\/span><b>(916) 654-1690.<\/b><\/div>\n<div><\/div>\n<\/div>\n<\/div><\/div><\/div><\/div><\/div><\/div><\/div>","protected":false},"excerpt":{"rendered":"<p>MONARCH ILS<\/p>","protected":false},"author":5,"featured_media":0,"parent":0,"menu_order":0,"comment_status":"closed","ping_status":"open","template":"page-templates\/template_fullwidth.php","meta":{"nf_dc_page":"","jetpack_post_was_ever_published":false,"footnotes":""},"class_list":["post-4","page","type-page","status-publish","hentry"],"yoast_head":"<!-- This site is optimized with the Yoast SEO plugin v27.4 - https:\/\/yoast.com\/product\/yoast-seo-wordpress\/ -->\n<title>Welcome to Monarch Independent Living - Santa Cruz, CA<\/title>\n<meta name=\"description\" content=\"Increasing independence and creating community for individuals with developmental disabilities.\" \/>\n<meta name=\"robots\" content=\"index, follow, max-snippet:-1, max-image-preview:large, max-video-preview:-1\" \/>\n<link rel=\"canonical\" href=\"https:\/\/monarchils.com\/es\/\" \/>\n<meta property=\"og:locale\" content=\"es_MX\" \/>\n<meta property=\"og:type\" content=\"article\" \/>\n<meta property=\"og:title\" content=\"Welcome to Monarch Independent Living - Santa Cruz, CA\" \/>\n<meta property=\"og:description\" content=\"Increasing independence and creating community for individuals with developmental disabilities.\" \/>\n<meta property=\"og:url\" content=\"https:\/\/monarchils.com\/es\/\" \/>\n<meta property=\"og:site_name\" content=\"Monarch ILS\" \/>\n<meta property=\"article:publisher\" content=\"https:\/\/www.facebook.com\/pages\/Monarch-Independent-Living-Services-Inc\/290666804692\" \/>\n<meta property=\"article:modified_time\" content=\"2024-11-14T19:45:00+00:00\" \/>\n<meta property=\"og:image\" content=\"https:\/\/i0.wp.com\/monarchils.com\/wp-content\/uploads\/monarch.jpg?fit=217%2C248&ssl=1\" \/>\n\t<meta property=\"og:image:width\" content=\"217\" \/>\n\t<meta property=\"og:image:height\" content=\"248\" \/>\n\t<meta property=\"og:image:type\" content=\"image\/jpeg\" \/>\n<meta name=\"twitter:label1\" content=\"Tiempo de lectura\" \/>\n\t<meta name=\"twitter:data1\" content=\"2 minutos\" \/>\n<script type=\"application\/ld+json\" class=\"yoast-schema-graph\">{\"@context\":\"https:\\\/\\\/schema.org\",\"@graph\":[{\"@type\":\"WebPage\",\"@id\":\"https:\\\/\\\/monarchils.com\\\/\",\"url\":\"https:\\\/\\\/monarchils.com\\\/\",\"name\":\"Welcome to Monarch Independent Living - Santa Cruz, CA\",\"isPartOf\":{\"@id\":\"https:\\\/\\\/monarchils.com\\\/#website\"},\"datePublished\":\"2009-04-10T22:19:24+00:00\",\"dateModified\":\"2024-11-14T19:45:00+00:00\",\"description\":\"Increasing independence and creating community for individuals with developmental disabilities.\",\"breadcrumb\":{\"@id\":\"https:\\\/\\\/monarchils.com\\\/#breadcrumb\"},\"inLanguage\":\"es\",\"potentialAction\":[{\"@type\":\"ReadAction\",\"target\":[\"https:\\\/\\\/monarchils.com\\\/\"]}]},{\"@type\":\"BreadcrumbList\",\"@id\":\"https:\\\/\\\/monarchils.com\\\/#breadcrumb\",\"itemListElement\":[{\"@type\":\"ListItem\",\"position\":1,\"name\":\"Home\",\"item\":\"https:\\\/\\\/monarchils.com\\\/\"},{\"@type\":\"ListItem\",\"position\":2,\"name\":\"Welcome to Monarch!\"}]},{\"@type\":\"WebSite\",\"@id\":\"https:\\\/\\\/monarchils.com\\\/#website\",\"url\":\"https:\\\/\\\/monarchils.com\\\/\",\"name\":\"Monarch ILS\",\"description\":\"\",\"publisher\":{\"@id\":\"https:\\\/\\\/monarchils.com\\\/#organization\"},\"potentialAction\":[{\"@type\":\"SearchAction\",\"target\":{\"@type\":\"EntryPoint\",\"urlTemplate\":\"https:\\\/\\\/monarchils.com\\\/?s={search_term_string}\"},\"query-input\":{\"@type\":\"PropertyValueSpecification\",\"valueRequired\":true,\"valueName\":\"search_term_string\"}}],\"inLanguage\":\"es\"},{\"@type\":\"Organization\",\"@id\":\"https:\\\/\\\/monarchils.com\\\/#organization\",\"name\":\"Monarch ILS\",\"url\":\"https:\\\/\\\/monarchils.com\\\/\",\"logo\":{\"@type\":\"ImageObject\",\"inLanguage\":\"es\",\"@id\":\"https:\\\/\\\/monarchils.com\\\/#\\\/schema\\\/logo\\\/image\\\/\",\"url\":\"https:\\\/\\\/i0.wp.com\\\/monarchils.com\\\/wp-content\\\/uploads\\\/Monarch-logo-horizontal_transparent-1-2.png?fit=2500%2C498&ssl=1\",\"contentUrl\":\"https:\\\/\\\/i0.wp.com\\\/monarchils.com\\\/wp-content\\\/uploads\\\/Monarch-logo-horizontal_transparent-1-2.png?fit=2500%2C498&ssl=1\",\"width\":2500,\"height\":498,\"caption\":\"Monarch ILS\"},\"image\":{\"@id\":\"https:\\\/\\\/monarchils.com\\\/#\\\/schema\\\/logo\\\/image\\\/\"},\"sameAs\":[\"https:\\\/\\\/www.facebook.com\\\/pages\\\/Monarch-Independent-Living-Services-Inc\\\/290666804692\"]}]}<\/script>\n<!-- \/ Yoast SEO plugin. -->","yoast_head_json":{"title":"Welcome to Monarch Independent Living - Santa Cruz, CA","description":"Incrementar independencia y crear un sentido de  comunidad para personas con discapacidades de desarrollo.","robots":{"index":"index","follow":"follow","max-snippet":"max-snippet:-1","max-image-preview":"max-image-preview:large","max-video-preview":"max-video-preview:-1"},"canonical":"https:\/\/monarchils.com\/es\/","og_locale":"es_MX","og_type":"article","og_title":"Welcome to Monarch Independent Living - Santa Cruz, CA","og_description":"Increasing independence and creating community for individuals with developmental disabilities.","og_url":"https:\/\/monarchils.com\/es\/","og_site_name":"Monarch ILS","article_publisher":"https:\/\/www.facebook.com\/pages\/Monarch-Independent-Living-Services-Inc\/290666804692","article_modified_time":"2024-11-14T19:45:00+00:00","og_image":[{"width":217,"height":248,"url":"https:\/\/i0.wp.com\/monarchils.com\/wp-content\/uploads\/monarch.jpg?fit=217%2C248&ssl=1","type":"image\/jpeg"}],"twitter_misc":{"Tiempo de lectura":"2 minutos"},"schema":{"@context":"https:\/\/schema.org","@graph":[{"@type":"WebPage","@id":"https:\/\/monarchils.com\/","url":"https:\/\/monarchils.com\/","name":"Welcome to Monarch Independent Living - Santa Cruz, CA","isPartOf":{"@id":"https:\/\/monarchils.com\/#website"},"datePublished":"2009-04-10T22:19:24+00:00","dateModified":"2024-11-14T19:45:00+00:00","description":"Incrementar independencia y crear un sentido de  comunidad para personas con discapacidades de desarrollo.","breadcrumb":{"@id":"https:\/\/monarchils.com\/#breadcrumb"},"inLanguage":"es","potentialAction":[{"@type":"ReadAction","target":["https:\/\/monarchils.com\/"]}]},{"@type":"BreadcrumbList","@id":"https:\/\/monarchils.com\/#breadcrumb","itemListElement":[{"@type":"ListItem","position":1,"name":"Home","item":"https:\/\/monarchils.com\/"},{"@type":"ListItem","position":2,"name":"Welcome to Monarch!"}]},{"@type":"WebSite","@id":"https:\/\/monarchils.com\/#website","url":"https:\/\/monarchils.com\/","name":"Monarch ILS","description":"","publisher":{"@id":"https:\/\/monarchils.com\/#organization"},"potentialAction":[{"@type":"SearchAction","target":{"@type":"EntryPoint","urlTemplate":"https:\/\/monarchils.com\/?s={search_term_string}"},"query-input":{"@type":"PropertyValueSpecification","valueRequired":true,"valueName":"search_term_string"}}],"inLanguage":"es"},{"@type":"Organization","@id":"https:\/\/monarchils.com\/#organization","name":"Monarch ILS","url":"https:\/\/monarchils.com\/","logo":{"@type":"ImageObject","inLanguage":"es","@id":"https:\/\/monarchils.com\/#\/schema\/logo\/image\/","url":"https:\/\/i0.wp.com\/monarchils.com\/wp-content\/uploads\/Monarch-logo-horizontal_transparent-1-2.png?fit=2500%2C498&ssl=1","contentUrl":"https:\/\/i0.wp.com\/monarchils.com\/wp-content\/uploads\/Monarch-logo-horizontal_transparent-1-2.png?fit=2500%2C498&ssl=1","width":2500,"height":498,"caption":"Monarch ILS"},"image":{"@id":"https:\/\/monarchils.com\/#\/schema\/logo\/image\/"},"sameAs":["https:\/\/www.facebook.com\/pages\/Monarch-Independent-Living-Services-Inc\/290666804692"]}]}},"jetpack_sharing_enabled":false,"jetpack_shortlink":"https:\/\/wp.me\/P7i5mi-4","_links":{"self":[{"href":"https:\/\/monarchils.com\/es\/wp-json\/wp\/v2\/pages\/4","targetHints":{"allow":["GET"]}}],"collection":[{"href":"https:\/\/monarchils.com\/es\/wp-json\/wp\/v2\/pages"}],"about":[{"href":"https:\/\/monarchils.com\/es\/wp-json\/wp\/v2\/types\/page"}],"author":[{"embeddable":true,"href":"https:\/\/monarchils.com\/es\/wp-json\/wp\/v2\/users\/5"}],"replies":[{"embeddable":true,"href":"https:\/\/monarchils.com\/es\/wp-json\/wp\/v2\/comments?post=4"}],"version-history":[{"count":6,"href":"https:\/\/monarchils.com\/es\/wp-json\/wp\/v2\/pages\/4\/revisions"}],"predecessor-version":[{"id":1572,"href":"https:\/\/monarchils.com\/es\/wp-json\/wp\/v2\/pages\/4\/revisions\/1572"}],"wp:attachment":[{"href":"https:\/\/monarchils.com\/es\/wp-json\/wp\/v2\/media?parent=4"}],"curies":[{"name":"wp","href":"https:\/\/api.w.org\/{rel}","templated":true}]}}