{"id":89,"date":"2012-05-14T14:31:39","date_gmt":"2012-05-14T21:31:39","guid":{"rendered":"https:\/\/monarchils.com\/\/?page_id=89"},"modified":"2024-10-02T12:36:33","modified_gmt":"2024-10-02T19:36:33","slug":"monarch-ils-skills-trainer-job-description","status":"publish","type":"page","link":"https:\/\/monarchils.com\/es\/monarch-ils-skills-trainer-job-description\/","title":{"rendered":"Oportunidades de Empleo con Monarch"},"content":{"rendered":"<div style=\"height:32px\" aria-hidden=\"true\" class=\"wp-block-spacer\"><\/div>\n\n\n<p><span style=\"font-weight: 400;\">Want to be part of a dynamic team making a difference for individuals with developmental disabilities? Our agency supports individuals with disabilities to become&nbsp; more independent, empowered, and actively engaged in their community. At Monarch, we believe in lifelong learning and growth, and that everyone has the right to fully participate in their community.&nbsp; We also believe in having fun!<\/span><\/p>\n<p><a href=\"https:\/\/monarchils.com\/es\/employment-application\/\">Click here to apply!<\/a><\/p>\n\n\n<div style=\"height:26px\" aria-hidden=\"true\" class=\"wp-block-spacer\"><\/div>\n\n\n\n<h2 class=\"wp-block-heading\">Profesionales de apoyo directo<\/h2>\n\n\n\n<p class=\"\"><strong>Siempre estamos aceptando curriculums para profesionales de apoyo directo.<\/strong><\/p>\n\n\n\n<p class=\"\">Los profesionales de apoyo directo trabajan individualmente con personas con discapacidades de desarrollo e intelectuales. Los profesionales de apoyo directo apoyan la implementaci\u00f3n y la ense\u00f1anza de habilidades, seg\u00fan lo identificado por el cliente y su equipo. Cada cliente es \u00fanico, pero un d\u00eda t\u00edpico puede incluir actividades como trabajar con el cliente en sus habilidades de presupuesto, ayudar al cliente a dirigir una actividad de arte, asistir a una actividad organizada por otro cliente \u00f3 apoyar al cliente con su trabajo \u00f3 clases. \u00a1Cada d\u00eda puede ser diferente y divertido!<br><br><a href=\"https:\/\/monarchils.com\/wp-content\/uploads\/Job-Description-DSP.pdf\" target=\"_blank\" rel=\"noreferrer noopener\">Descripci\u00f3n de trabajo de profesionales de apoyo directo<\/a><\/p>\n\n\n\n<div style=\"height:35px\" aria-hidden=\"true\" class=\"wp-block-spacer\"><\/div>\n\n\n\n<p class=\"\"><\/p>","protected":false},"excerpt":{"rendered":"<p>Want to be part of a dynamic team making a difference for individuals with developmental disabilities? Our agency supports individuals [&hellip;]<\/p>\n","protected":false},"author":3,"featured_media":0,"parent":0,"menu_order":5,"comment_status":"closed","ping_status":"open","template":"","meta":{"nf_dc_page":"","jetpack_post_was_ever_published":false,"footnotes":""},"class_list":["post-89","page","type-page","status-publish","hentry"],"yoast_head":"<!-- This site is optimized with the Yoast SEO plugin v27.4 - https:\/\/yoast.com\/product\/yoast-seo-wordpress\/ -->\n<title>Employment with Monarch - Monarch ILS<\/title>\n<meta name=\"robots\" content=\"index, follow, max-snippet:-1, max-image-preview:large, max-video-preview:-1\" \/>\n<link rel=\"canonical\" href=\"https:\/\/monarchils.com\/es\/monarch-ils-skills-trainer-job-description\/\" \/>\n<meta property=\"og:locale\" content=\"es_MX\" \/>\n<meta property=\"og:type\" content=\"article\" \/>\n<meta property=\"og:title\" content=\"Employment with Monarch - Monarch ILS\" \/>\n<meta property=\"og:description\" content=\"Want to be part of a dynamic team making a difference for individuals with developmental disabilities? Our agency supports individuals [&hellip;]\" \/>\n<meta property=\"og:url\" content=\"https:\/\/monarchils.com\/es\/monarch-ils-skills-trainer-job-description\/\" \/>\n<meta property=\"og:site_name\" content=\"Monarch ILS\" \/>\n<meta property=\"article:publisher\" content=\"https:\/\/www.facebook.com\/pages\/Monarch-Independent-Living-Services-Inc\/290666804692\" \/>\n<meta property=\"article:modified_time\" content=\"2024-10-02T19:36:33+00:00\" \/>\n<meta property=\"og:image\" content=\"https:\/\/i0.wp.com\/monarchils.com\/wp-content\/uploads\/monarch.jpg?fit=217%2C248&ssl=1\" \/>\n\t<meta property=\"og:image:width\" content=\"217\" \/>\n\t<meta property=\"og:image:height\" content=\"248\" \/>\n\t<meta property=\"og:image:type\" content=\"image\/jpeg\" \/>\n<meta name=\"twitter:label1\" content=\"Tiempo de lectura\" \/>\n\t<meta name=\"twitter:data1\" content=\"1 minuto\" \/>\n<script type=\"application\/ld+json\" class=\"yoast-schema-graph\">{\"@context\":\"https:\\\/\\\/schema.org\",\"@graph\":[{\"@type\":\"WebPage\",\"@id\":\"https:\\\/\\\/monarchils.com\\\/monarch-ils-skills-trainer-job-description\\\/\",\"url\":\"https:\\\/\\\/monarchils.com\\\/monarch-ils-skills-trainer-job-description\\\/\",\"name\":\"Employment with Monarch - Monarch ILS\",\"isPartOf\":{\"@id\":\"https:\\\/\\\/monarchils.com\\\/#website\"},\"datePublished\":\"2012-05-14T21:31:39+00:00\",\"dateModified\":\"2024-10-02T19:36:33+00:00\",\"breadcrumb\":{\"@id\":\"https:\\\/\\\/monarchils.com\\\/monarch-ils-skills-trainer-job-description\\\/#breadcrumb\"},\"inLanguage\":\"es\",\"potentialAction\":[{\"@type\":\"ReadAction\",\"target\":[\"https:\\\/\\\/monarchils.com\\\/monarch-ils-skills-trainer-job-description\\\/\"]}]},{\"@type\":\"BreadcrumbList\",\"@id\":\"https:\\\/\\\/monarchils.com\\\/monarch-ils-skills-trainer-job-description\\\/#breadcrumb\",\"itemListElement\":[{\"@type\":\"ListItem\",\"position\":1,\"name\":\"Home\",\"item\":\"https:\\\/\\\/monarchils.com\\\/\"},{\"@type\":\"ListItem\",\"position\":2,\"name\":\"Employment with Monarch\"}]},{\"@type\":\"WebSite\",\"@id\":\"https:\\\/\\\/monarchils.com\\\/#website\",\"url\":\"https:\\\/\\\/monarchils.com\\\/\",\"name\":\"Monarch ILS\",\"description\":\"\",\"publisher\":{\"@id\":\"https:\\\/\\\/monarchils.com\\\/#organization\"},\"potentialAction\":[{\"@type\":\"SearchAction\",\"target\":{\"@type\":\"EntryPoint\",\"urlTemplate\":\"https:\\\/\\\/monarchils.com\\\/?s={search_term_string}\"},\"query-input\":{\"@type\":\"PropertyValueSpecification\",\"valueRequired\":true,\"valueName\":\"search_term_string\"}}],\"inLanguage\":\"es\"},{\"@type\":\"Organization\",\"@id\":\"https:\\\/\\\/monarchils.com\\\/#organization\",\"name\":\"Monarch ILS\",\"url\":\"https:\\\/\\\/monarchils.com\\\/\",\"logo\":{\"@type\":\"ImageObject\",\"inLanguage\":\"es\",\"@id\":\"https:\\\/\\\/monarchils.com\\\/#\\\/schema\\\/logo\\\/image\\\/\",\"url\":\"https:\\\/\\\/i0.wp.com\\\/monarchils.com\\\/wp-content\\\/uploads\\\/Monarch-logo-horizontal_transparent-1-2.png?fit=2500%2C498&ssl=1\",\"contentUrl\":\"https:\\\/\\\/i0.wp.com\\\/monarchils.com\\\/wp-content\\\/uploads\\\/Monarch-logo-horizontal_transparent-1-2.png?fit=2500%2C498&ssl=1\",\"width\":2500,\"height\":498,\"caption\":\"Monarch ILS\"},\"image\":{\"@id\":\"https:\\\/\\\/monarchils.com\\\/#\\\/schema\\\/logo\\\/image\\\/\"},\"sameAs\":[\"https:\\\/\\\/www.facebook.com\\\/pages\\\/Monarch-Independent-Living-Services-Inc\\\/290666804692\"]}]}<\/script>\n<!-- \/ Yoast SEO plugin. -->","yoast_head_json":{"title":"Employment with Monarch - Monarch ILS","robots":{"index":"index","follow":"follow","max-snippet":"max-snippet:-1","max-image-preview":"max-image-preview:large","max-video-preview":"max-video-preview:-1"},"canonical":"https:\/\/monarchils.com\/es\/monarch-ils-skills-trainer-job-description\/","og_locale":"es_MX","og_type":"article","og_title":"Employment with Monarch - Monarch ILS","og_description":"Want to be part of a dynamic team making a difference for individuals with developmental disabilities? Our agency supports individuals [&hellip;]","og_url":"https:\/\/monarchils.com\/es\/monarch-ils-skills-trainer-job-description\/","og_site_name":"Monarch ILS","article_publisher":"https:\/\/www.facebook.com\/pages\/Monarch-Independent-Living-Services-Inc\/290666804692","article_modified_time":"2024-10-02T19:36:33+00:00","og_image":[{"width":217,"height":248,"url":"https:\/\/i0.wp.com\/monarchils.com\/wp-content\/uploads\/monarch.jpg?fit=217%2C248&ssl=1","type":"image\/jpeg"}],"twitter_misc":{"Tiempo de lectura":"1 minuto"},"schema":{"@context":"https:\/\/schema.org","@graph":[{"@type":"WebPage","@id":"https:\/\/monarchils.com\/monarch-ils-skills-trainer-job-description\/","url":"https:\/\/monarchils.com\/monarch-ils-skills-trainer-job-description\/","name":"Employment with Monarch - Monarch ILS","isPartOf":{"@id":"https:\/\/monarchils.com\/#website"},"datePublished":"2012-05-14T21:31:39+00:00","dateModified":"2024-10-02T19:36:33+00:00","breadcrumb":{"@id":"https:\/\/monarchils.com\/monarch-ils-skills-trainer-job-description\/#breadcrumb"},"inLanguage":"es","potentialAction":[{"@type":"ReadAction","target":["https:\/\/monarchils.com\/monarch-ils-skills-trainer-job-description\/"]}]},{"@type":"BreadcrumbList","@id":"https:\/\/monarchils.com\/monarch-ils-skills-trainer-job-description\/#breadcrumb","itemListElement":[{"@type":"ListItem","position":1,"name":"Home","item":"https:\/\/monarchils.com\/"},{"@type":"ListItem","position":2,"name":"Employment with Monarch"}]},{"@type":"WebSite","@id":"https:\/\/monarchils.com\/#website","url":"https:\/\/monarchils.com\/","name":"Monarch ILS","description":"","publisher":{"@id":"https:\/\/monarchils.com\/#organization"},"potentialAction":[{"@type":"SearchAction","target":{"@type":"EntryPoint","urlTemplate":"https:\/\/monarchils.com\/?s={search_term_string}"},"query-input":{"@type":"PropertyValueSpecification","valueRequired":true,"valueName":"search_term_string"}}],"inLanguage":"es"},{"@type":"Organization","@id":"https:\/\/monarchils.com\/#organization","name":"Monarch ILS","url":"https:\/\/monarchils.com\/","logo":{"@type":"ImageObject","inLanguage":"es","@id":"https:\/\/monarchils.com\/#\/schema\/logo\/image\/","url":"https:\/\/i0.wp.com\/monarchils.com\/wp-content\/uploads\/Monarch-logo-horizontal_transparent-1-2.png?fit=2500%2C498&ssl=1","contentUrl":"https:\/\/i0.wp.com\/monarchils.com\/wp-content\/uploads\/Monarch-logo-horizontal_transparent-1-2.png?fit=2500%2C498&ssl=1","width":2500,"height":498,"caption":"Monarch ILS"},"image":{"@id":"https:\/\/monarchils.com\/#\/schema\/logo\/image\/"},"sameAs":["https:\/\/www.facebook.com\/pages\/Monarch-Independent-Living-Services-Inc\/290666804692"]}]}},"jetpack_sharing_enabled":true,"jetpack_shortlink":"https:\/\/wp.me\/P7i5mi-1r","_links":{"self":[{"href":"https:\/\/monarchils.com\/es\/wp-json\/wp\/v2\/pages\/89","targetHints":{"allow":["GET"]}}],"collection":[{"href":"https:\/\/monarchils.com\/es\/wp-json\/wp\/v2\/pages"}],"about":[{"href":"https:\/\/monarchils.com\/es\/wp-json\/wp\/v2\/types\/page"}],"author":[{"embeddable":true,"href":"https:\/\/monarchils.com\/es\/wp-json\/wp\/v2\/users\/3"}],"replies":[{"embeddable":true,"href":"https:\/\/monarchils.com\/es\/wp-json\/wp\/v2\/comments?post=89"}],"version-history":[{"count":5,"href":"https:\/\/monarchils.com\/es\/wp-json\/wp\/v2\/pages\/89\/revisions"}],"predecessor-version":[{"id":1447,"href":"https:\/\/monarchils.com\/es\/wp-json\/wp\/v2\/pages\/89\/revisions\/1447"}],"wp:attachment":[{"href":"https:\/\/monarchils.com\/es\/wp-json\/wp\/v2\/media?parent=89"}],"curies":[{"name":"wp","href":"https:\/\/api.w.org\/{rel}","templated":true}]}}