{"id":900,"date":"2019-09-18T17:31:02","date_gmt":"2019-09-19T00:31:02","guid":{"rendered":"https:\/\/monarchils.com\/\/?page_id=900"},"modified":"2021-04-14T11:15:41","modified_gmt":"2021-04-14T18:15:41","slug":"wings-of-success","status":"publish","type":"page","link":"https:\/\/monarchils.com\/es\/wings-of-success\/","title":{"rendered":"Alas del \u00c9xito (Wings of Success)"},"content":{"rendered":"<p class=\"has-text-align-center\">\u00a1Alas del \u00c9xito se compromete a proveer oportunidades de diversi\u00f3n, mantenerse en forma y aprendizaje a las personas de bajos ingresos \u00f3 con discapacidades de desarrollo!<\/p>\n\n\n\n<div class=\"wp-block-jetpack-slideshow\" data-effect=\"slide\"><div class=\"wp-block-jetpack-slideshow_container swiper-container\"><ul class=\"wp-block-jetpack-slideshow_swiper-wrapper swiper-wrapper\"><li class=\"wp-block-jetpack-slideshow_slide swiper-slide\"><figure><img data-recalc-dims=\"1\" loading=\"lazy\" decoding=\"async\" width=\"828\" height=\"1022\" alt=\"\" class=\"wp-block-jetpack-slideshow_image wp-image-1223\" data-id=\"1223\" src=\"https:\/\/i0.wp.com\/monarchils.com\/wp-content\/uploads\/Debbie.jpeg?resize=828%2C1022&ssl=1\" srcset=\"https:\/\/i0.wp.com\/monarchils.com\/wp-content\/uploads\/Debbie.jpeg?w=828&ssl=1 828w, https:\/\/i0.wp.com\/monarchils.com\/wp-content\/uploads\/Debbie.jpeg?resize=243%2C300&ssl=1 243w, https:\/\/i0.wp.com\/monarchils.com\/wp-content\/uploads\/Debbie.jpeg?resize=10%2C12&ssl=1 10w, https:\/\/i0.wp.com\/monarchils.com\/wp-content\/uploads\/Debbie.jpeg?resize=720%2C889&ssl=1 720w\" sizes=\"(max-width: 828px) 100vw, 828px\" \/><figcaption class=\"wp-block-jetpack-slideshow_caption gallery-caption\">Debbie with her tablet provided by Wings of Success. This picture is from one of the first deliveries of masks and devices after California went into lockdown due to the Covid-19 pandemic. Tablets to assist with remote shifts were purchased and distributed to clients using donations from the Human Race fundraising efforts.<\/figcaption><\/figure><\/li><li class=\"wp-block-jetpack-slideshow_slide swiper-slide\"><figure><img data-recalc-dims=\"1\" loading=\"lazy\" decoding=\"async\" width=\"629\" height=\"607\" alt=\"\" class=\"wp-block-jetpack-slideshow_image wp-image-1224\" data-id=\"1224\" src=\"https:\/\/i0.wp.com\/monarchils.com\/wp-content\/uploads\/Geanna-and-Michelle.png?resize=629%2C607&ssl=1\" srcset=\"https:\/\/i0.wp.com\/monarchils.com\/wp-content\/uploads\/Geanna-and-Michelle.png?w=629&ssl=1 629w, https:\/\/i0.wp.com\/monarchils.com\/wp-content\/uploads\/Geanna-and-Michelle.png?resize=300%2C290&ssl=1 300w, https:\/\/i0.wp.com\/monarchils.com\/wp-content\/uploads\/Geanna-and-Michelle.png?resize=12%2C12&ssl=1 12w\" sizes=\"(max-width: 629px) 100vw, 629px\" \/><figcaption class=\"wp-block-jetpack-slideshow_caption gallery-caption\">During the CZU August Lightning Complex Fires, Wings of Success provided financial assistance for clients and their families who had been impacted by the fire, helping them with hotel costs, supplies, and other expenses.<\/figcaption><\/figure><\/li><li class=\"wp-block-jetpack-slideshow_slide swiper-slide\"><figure><img data-recalc-dims=\"1\" loading=\"lazy\" decoding=\"async\" width=\"938\" height=\"1194\" alt=\"\" class=\"wp-block-jetpack-slideshow_image wp-image-1194\" data-id=\"1194\" src=\"https:\/\/i0.wp.com\/monarchils.com\/wp-content\/uploads\/Screen-Shot-2021-01-12-at-11.14.20-AM.png?resize=938%2C1194&ssl=1\" srcset=\"https:\/\/i0.wp.com\/monarchils.com\/wp-content\/uploads\/Screen-Shot-2021-01-12-at-11.14.20-AM.png?w=938&ssl=1 938w, https:\/\/i0.wp.com\/monarchils.com\/wp-content\/uploads\/Screen-Shot-2021-01-12-at-11.14.20-AM.png?resize=236%2C300&ssl=1 236w, https:\/\/i0.wp.com\/monarchils.com\/wp-content\/uploads\/Screen-Shot-2021-01-12-at-11.14.20-AM.png?resize=804%2C1024&ssl=1 804w, https:\/\/i0.wp.com\/monarchils.com\/wp-content\/uploads\/Screen-Shot-2021-01-12-at-11.14.20-AM.png?resize=9%2C12&ssl=1 9w, https:\/\/i0.wp.com\/monarchils.com\/wp-content\/uploads\/Screen-Shot-2021-01-12-at-11.14.20-AM.png?resize=720%2C917&ssl=1 720w\" sizes=\"(max-width: 938px) 100vw, 938px\" \/><figcaption class=\"wp-block-jetpack-slideshow_caption gallery-caption\">Wings of Success distributed over 50 emergency preparedness backpacks in the summer of 2019 using donations from the Human Race.<\/figcaption><\/figure><\/li><li class=\"wp-block-jetpack-slideshow_slide swiper-slide\"><figure><img data-recalc-dims=\"1\" loading=\"lazy\" decoding=\"async\" width=\"1170\" height=\"1560\" alt=\"\" class=\"wp-block-jetpack-slideshow_image wp-image-1225\" data-id=\"1225\" src=\"https:\/\/i0.wp.com\/monarchils.com\/wp-content\/uploads\/IMG_5815-copy-scaled.jpg?resize=1170%2C1560&ssl=1\" srcset=\"https:\/\/i0.wp.com\/monarchils.com\/wp-content\/uploads\/IMG_5815-copy-scaled.jpg?w=1920&ssl=1 1920w, https:\/\/i0.wp.com\/monarchils.com\/wp-content\/uploads\/IMG_5815-copy-scaled.jpg?resize=225%2C300&ssl=1 225w, https:\/\/i0.wp.com\/monarchils.com\/wp-content\/uploads\/IMG_5815-copy-scaled.jpg?resize=768%2C1024&ssl=1 768w, https:\/\/i0.wp.com\/monarchils.com\/wp-content\/uploads\/IMG_5815-copy-scaled.jpg?resize=1152%2C1536&ssl=1 1152w, https:\/\/i0.wp.com\/monarchils.com\/wp-content\/uploads\/IMG_5815-copy-scaled.jpg?resize=1536%2C2048&ssl=1 1536w, https:\/\/i0.wp.com\/monarchils.com\/wp-content\/uploads\/IMG_5815-copy-scaled.jpg?resize=9%2C12&ssl=1 9w, https:\/\/i0.wp.com\/monarchils.com\/wp-content\/uploads\/IMG_5815-copy-scaled.jpg?resize=720%2C960&ssl=1 720w\" sizes=\"(max-width: 1170px) 100vw, 1170px\" \/><figcaption class=\"wp-block-jetpack-slideshow_caption gallery-caption\">Wings of Success distributed over 50 emergency preparedness backpacks in the summer of 2019 using donations from the Human Race.<\/figcaption><\/figure><\/li><li class=\"wp-block-jetpack-slideshow_slide swiper-slide\"><figure><img data-recalc-dims=\"1\" loading=\"lazy\" decoding=\"async\" width=\"600\" height=\"400\" alt=\"\" class=\"wp-block-jetpack-slideshow_image wp-image-1193\" data-id=\"1193\" src=\"https:\/\/i0.wp.com\/monarchils.com\/wp-content\/uploads\/human_race-2.jpg?resize=600%2C400&ssl=1\" srcset=\"https:\/\/i0.wp.com\/monarchils.com\/wp-content\/uploads\/human_race-2.jpg?w=600&ssl=1 600w, https:\/\/i0.wp.com\/monarchils.com\/wp-content\/uploads\/human_race-2.jpg?resize=300%2C200&ssl=1 300w, https:\/\/i0.wp.com\/monarchils.com\/wp-content\/uploads\/human_race-2.jpg?resize=16%2C12&ssl=1 16w, https:\/\/i0.wp.com\/monarchils.com\/wp-content\/uploads\/human_race-2.jpg?resize=272%2C182&ssl=1 272w\" sizes=\"(max-width: 600px) 100vw, 600px\" \/><figcaption class=\"wp-block-jetpack-slideshow_caption gallery-caption\">Wings of Success raised $3,642 at the 2020 Human Race!!!  Our 2020 fundraising efforts were completely online due to the pandemic. A big thanks to all who fundraised and participated; these funds are going to make a big difference in the lives of our clients and other members of our community.<\/figcaption><\/figure><\/li><\/ul><a class=\"wp-block-jetpack-slideshow_button-prev swiper-button-prev swiper-button-white\" role=\"button\"><\/a><a class=\"wp-block-jetpack-slideshow_button-next swiper-button-next swiper-button-white\" role=\"button\"><\/a><a aria-label=\"Pause Slideshow\" class=\"wp-block-jetpack-slideshow_button-pause\" role=\"button\"><\/a><div class=\"wp-block-jetpack-slideshow_pagination swiper-pagination swiper-pagination-white\"><\/div><\/div><\/div>\n\n\n\n<p>Wings of Success, Inc. is a 501(c)(3) a charitable corporation established in 2015 by the Directors of Monarch Independent Living Services. The purpose of Wings of Success is to assist low-income people with intellectual and other developmental disabilities. One hundred percent of donations made to Wings of Success go directly towards assisting community members in need. All donations are tax deductible. <\/p>\n\n\n\n<div style=\"height:37px\" aria-hidden=\"true\" class=\"wp-block-spacer\"><\/div>\n\n\n\n<h2 class=\"wp-block-heading\">Donate to Wings of Success<\/h2>\n\n\n\n<p>Donate securely to Wings of Success through PayPal:<\/p>\n\n\n\n<figure class=\"wp-block-image is-resized\"><a href=\"https:\/\/www.paypal.com\/cgi-bin\/webscr?cmd=_s-xclick&amp;hosted_button_id=5ECWB47RWHST6\" target=\"_blank\" rel=\"noopener noreferrer\"><img data-recalc-dims=\"1\" loading=\"lazy\" decoding=\"async\" src=\"https:\/\/i0.wp.com\/monarchils.com\/\/wp-content\/uploads\/donate-through-paypal.jpg?resize=195%2C64&ssl=1\" alt=\"Donate via paypal\" width=\"195\" height=\"64\"\/><\/a><\/figure>\n\n\n\n<p>Or donate directly to Wings of Success by mailing a check to our office:<\/p>\n\n\n\n<p>Alas del \u00c9xito, Inc.<br>c\/o Monarch ILS<br>1414 Soquel Ave. Suite 226<br>Santa Cruz, CA 95062<\/p>\n\n\n\n<div style=\"height:34px\" aria-hidden=\"true\" class=\"wp-block-spacer\"><\/div>\n\n\n\n<h2 class=\"wp-block-heading\">Monarch ILS and Wings of Success<\/h2>\n\n\n\n<p>Funds and goods that Monarch ILS receives from Wings of Success will be used to strengthen our community through:<\/p>\n\n\n\n<ul class=\"wp-block-list\"><li>Providing free access to enriching classes and activities<\/li><li>Adaptive technology and equipment<\/li><li>Scholarships for low-income individuals with developmental disabilities who need help paying for food, clothing, bus passes, and other necessities<\/li><li>Food, clothing, and other services or products eligible individuals need and cannot afford. <\/li><\/ul>\n\n\n\n<p>We are so happy and grateful for this opportunity that Wings of Success will provide to us in helping our clients to enjoy the most independent and fulfilling life possible for them.<\/p>\n\n\n\n<div style=\"height:23px\" aria-hidden=\"true\" class=\"wp-block-spacer\"><\/div>\n\n\n\n<h2 class=\"wp-block-heading\">Fundraising<\/h2>\n\n\n\n<div class=\"wp-block-image\"><figure class=\"alignright size-large is-resized\"><img data-recalc-dims=\"1\" loading=\"lazy\" decoding=\"async\" data-attachment-id=\"1193\" data-permalink=\"https:\/\/monarchils.com\/es\/wings-of-success\/human_race-2\/\" data-orig-file=\"https:\/\/i0.wp.com\/monarchils.com\/wp-content\/uploads\/human_race-2.jpg?fit=600%2C400&ssl=1\" data-orig-size=\"600,400\" data-comments-opened=\"1\" data-image-meta=\"{&quot;aperture&quot;:&quot;0&quot;,&quot;credit&quot;:&quot;&quot;,&quot;camera&quot;:&quot;&quot;,&quot;caption&quot;:&quot;&quot;,&quot;created_timestamp&quot;:&quot;0&quot;,&quot;copyright&quot;:&quot;&quot;,&quot;focal_length&quot;:&quot;0&quot;,&quot;iso&quot;:&quot;0&quot;,&quot;shutter_speed&quot;:&quot;0&quot;,&quot;title&quot;:&quot;&quot;,&quot;orientation&quot;:&quot;0&quot;}\" data-image-title=\"human_race-2\" data-image-description=\"\" data-image-caption=\"<p>Wings of Success raised $3,642 at the 2020 Human Race!!!  Our 2020 fundraising efforts were completely online due to the pandemic. A big thanks to all who fundraised and participated; these funds are going to make a big difference in the lives of our clients and other members of our community.<\/p>\" data-large-file=\"https:\/\/i0.wp.com\/monarchils.com\/wp-content\/uploads\/human_race-2.jpg?fit=600%2C400&ssl=1\" src=\"https:\/\/i0.wp.com\/monarchils.com\/wp-content\/uploads\/human_race-2.jpg?resize=220%2C146&ssl=1\" alt=\"\" class=\"wp-image-1193\" width=\"220\" height=\"146\" srcset=\"https:\/\/i0.wp.com\/monarchils.com\/wp-content\/uploads\/human_race-2.jpg?w=600&ssl=1 600w, https:\/\/i0.wp.com\/monarchils.com\/wp-content\/uploads\/human_race-2.jpg?resize=300%2C200&ssl=1 300w, https:\/\/i0.wp.com\/monarchils.com\/wp-content\/uploads\/human_race-2.jpg?resize=16%2C12&ssl=1 16w, https:\/\/i0.wp.com\/monarchils.com\/wp-content\/uploads\/human_race-2.jpg?resize=272%2C182&ssl=1 272w\" sizes=\"auto, (max-width: 220px) 100vw, 220px\" \/><\/figure><\/div>\n\n\n\n<p>Wings of Success raised $3,642 at the 2020\u00a0<a href=\"https:\/\/www.humanracesc.org\/organizations\/wings-of-success\">Human\u00a0Race<\/a>!!!<\/p>\n\n\n\n<p>Our 2020 fundraising efforts were completely online due to the pandemic.A big thanks to all who fundraised and participated; these funds are going to make a big difference in the lives of our clients and other members of our community.<\/p>\n\n\n\n<div style=\"height:42px\" aria-hidden=\"true\" class=\"wp-block-spacer\"><\/div>\n\n\n\n<p><\/p>","protected":false},"excerpt":{"rendered":"<p>Wings of Success is committed to providing low-income people with developmental disabilities opportunities for fun, fitness, and lifelong learning! Wings [&hellip;]<\/p>\n","protected":false},"author":3,"featured_media":0,"parent":0,"menu_order":0,"comment_status":"closed","ping_status":"closed","template":"","meta":{"nf_dc_page":"","jetpack_post_was_ever_published":false,"footnotes":""},"class_list":["post-900","page","type-page","status-publish","hentry"],"yoast_head":"<!-- This site is optimized with the Yoast SEO plugin v27.5 - https:\/\/yoast.com\/product\/yoast-seo-wordpress\/ -->\n<title>Wings of Success - Monarch ILS<\/title>\n<meta name=\"robots\" content=\"index, follow, max-snippet:-1, max-image-preview:large, max-video-preview:-1\" \/>\n<link rel=\"canonical\" href=\"https:\/\/monarchils.com\/es\/wings-of-success\/\" \/>\n<meta property=\"og:locale\" content=\"es_MX\" \/>\n<meta property=\"og:type\" content=\"article\" \/>\n<meta property=\"og:title\" content=\"Wings of Success - Monarch ILS\" \/>\n<meta property=\"og:description\" content=\"Wings of Success is committed to providing low-income people with developmental disabilities opportunities for fun, fitness, and lifelong learning! Wings [&hellip;]\" \/>\n<meta property=\"og:url\" content=\"https:\/\/monarchils.com\/es\/wings-of-success\/\" \/>\n<meta property=\"og:site_name\" content=\"Monarch ILS\" \/>\n<meta property=\"article:publisher\" content=\"https:\/\/www.facebook.com\/pages\/Monarch-Independent-Living-Services-Inc\/290666804692\" \/>\n<meta property=\"article:modified_time\" content=\"2021-04-14T18:15:41+00:00\" \/>\n<meta property=\"og:image\" content=\"https:\/\/monarchils.com\/wp-content\/uploads\/Debbie.jpeg\" \/>\n<meta name=\"twitter:label1\" content=\"Tiempo de lectura\" \/>\n\t<meta name=\"twitter:data1\" content=\"4 minutos\" \/>\n<script type=\"application\/ld+json\" class=\"yoast-schema-graph\">{\"@context\":\"https:\\\/\\\/schema.org\",\"@graph\":[{\"@type\":\"WebPage\",\"@id\":\"https:\\\/\\\/monarchils.com\\\/wings-of-success\\\/\",\"url\":\"https:\\\/\\\/monarchils.com\\\/wings-of-success\\\/\",\"name\":\"Wings of Success - Monarch ILS\",\"isPartOf\":{\"@id\":\"https:\\\/\\\/monarchils.com\\\/#website\"},\"primaryImageOfPage\":{\"@id\":\"https:\\\/\\\/monarchils.com\\\/wings-of-success\\\/#primaryimage\"},\"image\":{\"@id\":\"https:\\\/\\\/monarchils.com\\\/wings-of-success\\\/#primaryimage\"},\"thumbnailUrl\":\"https:\\\/\\\/monarchils.com\\\/wp-content\\\/uploads\\\/Debbie.jpeg\",\"datePublished\":\"2019-09-19T00:31:02+00:00\",\"dateModified\":\"2021-04-14T18:15:41+00:00\",\"breadcrumb\":{\"@id\":\"https:\\\/\\\/monarchils.com\\\/wings-of-success\\\/#breadcrumb\"},\"inLanguage\":\"es\",\"potentialAction\":[{\"@type\":\"ReadAction\",\"target\":[\"https:\\\/\\\/monarchils.com\\\/wings-of-success\\\/\"]}]},{\"@type\":\"ImageObject\",\"inLanguage\":\"es\",\"@id\":\"https:\\\/\\\/monarchils.com\\\/wings-of-success\\\/#primaryimage\",\"url\":\"https:\\\/\\\/monarchils.com\\\/wp-content\\\/uploads\\\/Debbie.jpeg\",\"contentUrl\":\"https:\\\/\\\/monarchils.com\\\/wp-content\\\/uploads\\\/Debbie.jpeg\"},{\"@type\":\"BreadcrumbList\",\"@id\":\"https:\\\/\\\/monarchils.com\\\/wings-of-success\\\/#breadcrumb\",\"itemListElement\":[{\"@type\":\"ListItem\",\"position\":1,\"name\":\"Home\",\"item\":\"https:\\\/\\\/monarchils.com\\\/\"},{\"@type\":\"ListItem\",\"position\":2,\"name\":\"Wings of Success\"}]},{\"@type\":\"WebSite\",\"@id\":\"https:\\\/\\\/monarchils.com\\\/#website\",\"url\":\"https:\\\/\\\/monarchils.com\\\/\",\"name\":\"Monarch ILS\",\"description\":\"\",\"publisher\":{\"@id\":\"https:\\\/\\\/monarchils.com\\\/#organization\"},\"potentialAction\":[{\"@type\":\"SearchAction\",\"target\":{\"@type\":\"EntryPoint\",\"urlTemplate\":\"https:\\\/\\\/monarchils.com\\\/?s={search_term_string}\"},\"query-input\":{\"@type\":\"PropertyValueSpecification\",\"valueRequired\":true,\"valueName\":\"search_term_string\"}}],\"inLanguage\":\"es\"},{\"@type\":\"Organization\",\"@id\":\"https:\\\/\\\/monarchils.com\\\/#organization\",\"name\":\"Monarch ILS\",\"url\":\"https:\\\/\\\/monarchils.com\\\/\",\"logo\":{\"@type\":\"ImageObject\",\"inLanguage\":\"es\",\"@id\":\"https:\\\/\\\/monarchils.com\\\/#\\\/schema\\\/logo\\\/image\\\/\",\"url\":\"https:\\\/\\\/i0.wp.com\\\/monarchils.com\\\/wp-content\\\/uploads\\\/Monarch-logo-horizontal_transparent-1-2.png?fit=2500%2C498&ssl=1\",\"contentUrl\":\"https:\\\/\\\/i0.wp.com\\\/monarchils.com\\\/wp-content\\\/uploads\\\/Monarch-logo-horizontal_transparent-1-2.png?fit=2500%2C498&ssl=1\",\"width\":2500,\"height\":498,\"caption\":\"Monarch ILS\"},\"image\":{\"@id\":\"https:\\\/\\\/monarchils.com\\\/#\\\/schema\\\/logo\\\/image\\\/\"},\"sameAs\":[\"https:\\\/\\\/www.facebook.com\\\/pages\\\/Monarch-Independent-Living-Services-Inc\\\/290666804692\"]}]}<\/script>\n<!-- \/ Yoast SEO plugin. -->","yoast_head_json":{"title":"Wings of Success - Monarch ILS","robots":{"index":"index","follow":"follow","max-snippet":"max-snippet:-1","max-image-preview":"max-image-preview:large","max-video-preview":"max-video-preview:-1"},"canonical":"https:\/\/monarchils.com\/es\/wings-of-success\/","og_locale":"es_MX","og_type":"article","og_title":"Wings of Success - Monarch ILS","og_description":"Wings of Success is committed to providing low-income people with developmental disabilities opportunities for fun, fitness, and lifelong learning! Wings [&hellip;]","og_url":"https:\/\/monarchils.com\/es\/wings-of-success\/","og_site_name":"Monarch ILS","article_publisher":"https:\/\/www.facebook.com\/pages\/Monarch-Independent-Living-Services-Inc\/290666804692","article_modified_time":"2021-04-14T18:15:41+00:00","og_image":[{"url":"https:\/\/monarchils.com\/wp-content\/uploads\/Debbie.jpeg","type":"","width":"","height":""}],"twitter_misc":{"Tiempo de lectura":"4 minutos"},"schema":{"@context":"https:\/\/schema.org","@graph":[{"@type":"WebPage","@id":"https:\/\/monarchils.com\/wings-of-success\/","url":"https:\/\/monarchils.com\/wings-of-success\/","name":"Wings of Success - Monarch ILS","isPartOf":{"@id":"https:\/\/monarchils.com\/#website"},"primaryImageOfPage":{"@id":"https:\/\/monarchils.com\/wings-of-success\/#primaryimage"},"image":{"@id":"https:\/\/monarchils.com\/wings-of-success\/#primaryimage"},"thumbnailUrl":"https:\/\/monarchils.com\/wp-content\/uploads\/Debbie.jpeg","datePublished":"2019-09-19T00:31:02+00:00","dateModified":"2021-04-14T18:15:41+00:00","breadcrumb":{"@id":"https:\/\/monarchils.com\/wings-of-success\/#breadcrumb"},"inLanguage":"es","potentialAction":[{"@type":"ReadAction","target":["https:\/\/monarchils.com\/wings-of-success\/"]}]},{"@type":"ImageObject","inLanguage":"es","@id":"https:\/\/monarchils.com\/wings-of-success\/#primaryimage","url":"https:\/\/monarchils.com\/wp-content\/uploads\/Debbie.jpeg","contentUrl":"https:\/\/monarchils.com\/wp-content\/uploads\/Debbie.jpeg"},{"@type":"BreadcrumbList","@id":"https:\/\/monarchils.com\/wings-of-success\/#breadcrumb","itemListElement":[{"@type":"ListItem","position":1,"name":"Home","item":"https:\/\/monarchils.com\/"},{"@type":"ListItem","position":2,"name":"Wings of Success"}]},{"@type":"WebSite","@id":"https:\/\/monarchils.com\/#website","url":"https:\/\/monarchils.com\/","name":"Monarch ILS","description":"","publisher":{"@id":"https:\/\/monarchils.com\/#organization"},"potentialAction":[{"@type":"SearchAction","target":{"@type":"EntryPoint","urlTemplate":"https:\/\/monarchils.com\/?s={search_term_string}"},"query-input":{"@type":"PropertyValueSpecification","valueRequired":true,"valueName":"search_term_string"}}],"inLanguage":"es"},{"@type":"Organization","@id":"https:\/\/monarchils.com\/#organization","name":"Monarch ILS","url":"https:\/\/monarchils.com\/","logo":{"@type":"ImageObject","inLanguage":"es","@id":"https:\/\/monarchils.com\/#\/schema\/logo\/image\/","url":"https:\/\/i0.wp.com\/monarchils.com\/wp-content\/uploads\/Monarch-logo-horizontal_transparent-1-2.png?fit=2500%2C498&ssl=1","contentUrl":"https:\/\/i0.wp.com\/monarchils.com\/wp-content\/uploads\/Monarch-logo-horizontal_transparent-1-2.png?fit=2500%2C498&ssl=1","width":2500,"height":498,"caption":"Monarch ILS"},"image":{"@id":"https:\/\/monarchils.com\/#\/schema\/logo\/image\/"},"sameAs":["https:\/\/www.facebook.com\/pages\/Monarch-Independent-Living-Services-Inc\/290666804692"]}]}},"jetpack_sharing_enabled":true,"jetpack_shortlink":"https:\/\/wp.me\/P7i5mi-ew","_links":{"self":[{"href":"https:\/\/monarchils.com\/es\/wp-json\/wp\/v2\/pages\/900","targetHints":{"allow":["GET"]}}],"collection":[{"href":"https:\/\/monarchils.com\/es\/wp-json\/wp\/v2\/pages"}],"about":[{"href":"https:\/\/monarchils.com\/es\/wp-json\/wp\/v2\/types\/page"}],"author":[{"embeddable":true,"href":"https:\/\/monarchils.com\/es\/wp-json\/wp\/v2\/users\/3"}],"replies":[{"embeddable":true,"href":"https:\/\/monarchils.com\/es\/wp-json\/wp\/v2\/comments?post=900"}],"version-history":[{"count":5,"href":"https:\/\/monarchils.com\/es\/wp-json\/wp\/v2\/pages\/900\/revisions"}],"predecessor-version":[{"id":1239,"href":"https:\/\/monarchils.com\/es\/wp-json\/wp\/v2\/pages\/900\/revisions\/1239"}],"wp:attachment":[{"href":"https:\/\/monarchils.com\/es\/wp-json\/wp\/v2\/media?parent=900"}],"curies":[{"name":"wp","href":"https:\/\/api.w.org\/{rel}","templated":true}]}}