{"id":964,"date":"2019-10-04T11:25:42","date_gmt":"2019-10-04T18:25:42","guid":{"rendered":"https:\/\/monarchils.com\/\/?page_id=964"},"modified":"2023-01-27T10:49:21","modified_gmt":"2023-01-27T18:49:21","slug":"independent-living-services","status":"publish","type":"page","link":"https:\/\/monarchils.com\/es\/independent-living-services\/","title":{"rendered":"Servicios de vida independiente"},"content":{"rendered":"<hr class=\"wp-block-separator has-css-opacity is-style-dots\"\/>\n\n\n<div class=\"page\" title=\"P\u00e1gina 2\">\n<div class=\"section\">\n<div class=\"layoutArea\">\n<div class=\"column\">\n<p>Nuestros servicios son centrados en la persona y est\u00e1n dise\u00f1ados para ayudar a individuos a ser m\u00e1s independientes, empoderados, y autodeterminados. Las personas que apoyamos viven solas, esforz\u00e1ndose a perseverar independientemente, o viven en el hogar de su familia, pero desean ser lo m\u00e1s independientes posible dentro de su hogar y su vida.<\/p>\n<div class=\"page\" title=\"P\u00e1gina 2\">\n<div class=\"section\">\n<div class=\"layoutArea\">\n<div class=\"column\">\n<p>Los programas de capacitaci\u00f3n y apoyo son altamente individualizados y desarrollados en torno a las necesidades y objetivos espec\u00edficos de cada persona a la que servimos. El entrenamiento se puede proporcionar en el hogar, en la comunidad o dentro de clases de grupo, creadas en torno a intereses y necesidades similares.<\/p>\n<\/div>\n<div class=\"page\" title=\"P\u00e1gina 2\">\n<div class=\"section\">\n<div class=\"layoutArea\">\n<div class=\"column\">\n<p>Brindamos apoyo en una variedad de \u00e1reas de vida independiente, que incluyen:<\/p>\n<\/div>\n<\/div>\n<\/div>\n<\/div>\n<\/div>\n<\/div>\n<\/div>\n<\/div>\n<\/div>\n<\/div>\n<\/div>\n\n\n<div class=\"wp-block-media-text alignwide has-media-on-the-right is-stacked-on-mobile\"><div class=\"wp-block-media-text__content\">\n<ul class=\"wp-block-list\">\n<li>Seguridad en la comunidad o en el hogar<\/li>\n\n\n\n<li>Habilidades domesticas<\/li>\n\n\n\n<li>Budgeting and bill paying<\/li>\n\n\n\n<li>Tener acceso al transporte p\u00fablico<\/li>\n\n\n\n<li>Salud e higiene<\/li>\n\n\n\n<li>Compras de comestibles y nutrici\u00f3n<\/li>\n\n\n\n<li>Cocinando<\/li>\n\n\n\n<li>Relaciones saludables y seguridad personal<\/li>\n\n\n\n<li>Desarrollo de habilidades sociales<\/li>\n\n\n\n<li>Autodefensa y autodeterminaci\u00f3n<\/li>\n\n\n\n<li>Participaci\u00f3n en la comunidad<\/li>\n<\/ul>\n<\/div><figure class=\"wp-block-media-text__media\"><img data-recalc-dims=\"1\" loading=\"lazy\" decoding=\"async\" width=\"300\" height=\"225\" data-attachment-id=\"419\" data-permalink=\"https:\/\/monarchils.com\/es\/mary-grocery-shopping\/\" data-orig-file=\"https:\/\/i0.wp.com\/monarchils.com\/wp-content\/uploads\/mary-grocery-shopping.jpg?fit=3264%2C2448&amp;ssl=1\" data-orig-size=\"3264,2448\" data-comments-opened=\"1\" data-image-meta=\"{&quot;aperture&quot;:&quot;0&quot;,&quot;credit&quot;:&quot;&quot;,&quot;camera&quot;:&quot;&quot;,&quot;caption&quot;:&quot;&quot;,&quot;created_timestamp&quot;:&quot;0&quot;,&quot;copyright&quot;:&quot;&quot;,&quot;focal_length&quot;:&quot;0&quot;,&quot;iso&quot;:&quot;0&quot;,&quot;shutter_speed&quot;:&quot;0&quot;,&quot;title&quot;:&quot;&quot;,&quot;orientation&quot;:&quot;0&quot;}\" data-image-title=\"mary grocery shopping\" data-image-description=\"\" data-image-caption=\"\" data-large-file=\"https:\/\/i0.wp.com\/monarchils.com\/wp-content\/uploads\/mary-grocery-shopping.jpg?fit=1024%2C768&amp;ssl=1\" src=\"https:\/\/i0.wp.com\/monarchils.com\/\/wp-content\/uploads\/mary-grocery-shopping-300x225.jpg?resize=300%2C225&#038;ssl=1\" alt=\"\" class=\"wp-image-419 size-full\" srcset=\"https:\/\/i0.wp.com\/monarchils.com\/wp-content\/uploads\/mary-grocery-shopping.jpg?resize=300%2C225&amp;ssl=1 300w, https:\/\/i0.wp.com\/monarchils.com\/wp-content\/uploads\/mary-grocery-shopping.jpg?resize=1024%2C768&amp;ssl=1 1024w, https:\/\/i0.wp.com\/monarchils.com\/wp-content\/uploads\/mary-grocery-shopping.jpg?w=2340&amp;ssl=1 2340w\" sizes=\"auto, (max-width: 300px) 100vw, 300px\" \/><\/figure><\/div>","protected":false},"excerpt":{"rendered":"<p>Our person-centered services are designed to support individuals in becoming more independent, empowered, and self-determined. The individuals we support are [&hellip;]<\/p>\n","protected":false},"author":3,"featured_media":0,"parent":0,"menu_order":0,"comment_status":"closed","ping_status":"closed","template":"","meta":{"nf_dc_page":"","jetpack_post_was_ever_published":false,"footnotes":""},"class_list":["post-964","page","type-page","status-publish","hentry"],"yoast_head":"<!-- This site is optimized with the Yoast SEO plugin v27.4 - https:\/\/yoast.com\/product\/yoast-seo-wordpress\/ -->\n<title>Independent Living Services - Monarch ILS<\/title>\n<meta name=\"robots\" content=\"index, follow, max-snippet:-1, max-image-preview:large, max-video-preview:-1\" \/>\n<link rel=\"canonical\" href=\"https:\/\/monarchils.com\/es\/independent-living-services\/\" \/>\n<meta property=\"og:locale\" content=\"es_MX\" \/>\n<meta property=\"og:type\" content=\"article\" \/>\n<meta property=\"og:title\" content=\"Independent Living Services - Monarch ILS\" \/>\n<meta property=\"og:description\" content=\"Our person-centered services are designed to support individuals in becoming more independent, empowered, and self-determined. The individuals we support are [&hellip;]\" \/>\n<meta property=\"og:url\" content=\"https:\/\/monarchils.com\/es\/independent-living-services\/\" \/>\n<meta property=\"og:site_name\" content=\"Monarch ILS\" \/>\n<meta property=\"article:publisher\" content=\"https:\/\/www.facebook.com\/pages\/Monarch-Independent-Living-Services-Inc\/290666804692\" \/>\n<meta property=\"article:modified_time\" content=\"2023-01-27T18:49:21+00:00\" \/>\n<meta property=\"og:image\" content=\"https:\/\/monarchils.com\/\/wp-content\/uploads\/mary-grocery-shopping-300x225.jpg\" \/>\n<meta name=\"twitter:label1\" content=\"Tiempo de lectura\" \/>\n\t<meta name=\"twitter:data1\" content=\"1 minuto\" \/>\n<script type=\"application\/ld+json\" class=\"yoast-schema-graph\">{\"@context\":\"https:\\\/\\\/schema.org\",\"@graph\":[{\"@type\":\"WebPage\",\"@id\":\"https:\\\/\\\/monarchils.com\\\/independent-living-services\\\/\",\"url\":\"https:\\\/\\\/monarchils.com\\\/independent-living-services\\\/\",\"name\":\"Independent Living Services - Monarch ILS\",\"isPartOf\":{\"@id\":\"https:\\\/\\\/monarchils.com\\\/#website\"},\"primaryImageOfPage\":{\"@id\":\"https:\\\/\\\/monarchils.com\\\/independent-living-services\\\/#primaryimage\"},\"image\":{\"@id\":\"https:\\\/\\\/monarchils.com\\\/independent-living-services\\\/#primaryimage\"},\"thumbnailUrl\":\"https:\\\/\\\/monarchils.com\\\/\\\/wp-content\\\/uploads\\\/mary-grocery-shopping-300x225.jpg\",\"datePublished\":\"2019-10-04T18:25:42+00:00\",\"dateModified\":\"2023-01-27T18:49:21+00:00\",\"breadcrumb\":{\"@id\":\"https:\\\/\\\/monarchils.com\\\/independent-living-services\\\/#breadcrumb\"},\"inLanguage\":\"es\",\"potentialAction\":[{\"@type\":\"ReadAction\",\"target\":[\"https:\\\/\\\/monarchils.com\\\/independent-living-services\\\/\"]}]},{\"@type\":\"ImageObject\",\"inLanguage\":\"es\",\"@id\":\"https:\\\/\\\/monarchils.com\\\/independent-living-services\\\/#primaryimage\",\"url\":\"https:\\\/\\\/monarchils.com\\\/\\\/wp-content\\\/uploads\\\/mary-grocery-shopping-300x225.jpg\",\"contentUrl\":\"https:\\\/\\\/monarchils.com\\\/\\\/wp-content\\\/uploads\\\/mary-grocery-shopping-300x225.jpg\"},{\"@type\":\"BreadcrumbList\",\"@id\":\"https:\\\/\\\/monarchils.com\\\/independent-living-services\\\/#breadcrumb\",\"itemListElement\":[{\"@type\":\"ListItem\",\"position\":1,\"name\":\"Home\",\"item\":\"https:\\\/\\\/monarchils.com\\\/\"},{\"@type\":\"ListItem\",\"position\":2,\"name\":\"Independent Living Services\"}]},{\"@type\":\"WebSite\",\"@id\":\"https:\\\/\\\/monarchils.com\\\/#website\",\"url\":\"https:\\\/\\\/monarchils.com\\\/\",\"name\":\"Monarch ILS\",\"description\":\"\",\"publisher\":{\"@id\":\"https:\\\/\\\/monarchils.com\\\/#organization\"},\"potentialAction\":[{\"@type\":\"SearchAction\",\"target\":{\"@type\":\"EntryPoint\",\"urlTemplate\":\"https:\\\/\\\/monarchils.com\\\/?s={search_term_string}\"},\"query-input\":{\"@type\":\"PropertyValueSpecification\",\"valueRequired\":true,\"valueName\":\"search_term_string\"}}],\"inLanguage\":\"es\"},{\"@type\":\"Organization\",\"@id\":\"https:\\\/\\\/monarchils.com\\\/#organization\",\"name\":\"Monarch ILS\",\"url\":\"https:\\\/\\\/monarchils.com\\\/\",\"logo\":{\"@type\":\"ImageObject\",\"inLanguage\":\"es\",\"@id\":\"https:\\\/\\\/monarchils.com\\\/#\\\/schema\\\/logo\\\/image\\\/\",\"url\":\"https:\\\/\\\/i0.wp.com\\\/monarchils.com\\\/wp-content\\\/uploads\\\/Monarch-logo-horizontal_transparent-1-2.png?fit=2500%2C498&ssl=1\",\"contentUrl\":\"https:\\\/\\\/i0.wp.com\\\/monarchils.com\\\/wp-content\\\/uploads\\\/Monarch-logo-horizontal_transparent-1-2.png?fit=2500%2C498&ssl=1\",\"width\":2500,\"height\":498,\"caption\":\"Monarch ILS\"},\"image\":{\"@id\":\"https:\\\/\\\/monarchils.com\\\/#\\\/schema\\\/logo\\\/image\\\/\"},\"sameAs\":[\"https:\\\/\\\/www.facebook.com\\\/pages\\\/Monarch-Independent-Living-Services-Inc\\\/290666804692\"]}]}<\/script>\n<!-- \/ Yoast SEO plugin. -->","yoast_head_json":{"title":"Independent Living Services - Monarch ILS","robots":{"index":"index","follow":"follow","max-snippet":"max-snippet:-1","max-image-preview":"max-image-preview:large","max-video-preview":"max-video-preview:-1"},"canonical":"https:\/\/monarchils.com\/es\/independent-living-services\/","og_locale":"es_MX","og_type":"article","og_title":"Independent Living Services - Monarch ILS","og_description":"Our person-centered services are designed to support individuals in becoming more independent, empowered, and self-determined. The individuals we support are [&hellip;]","og_url":"https:\/\/monarchils.com\/es\/independent-living-services\/","og_site_name":"Monarch ILS","article_publisher":"https:\/\/www.facebook.com\/pages\/Monarch-Independent-Living-Services-Inc\/290666804692","article_modified_time":"2023-01-27T18:49:21+00:00","og_image":[{"url":"https:\/\/monarchils.com\/\/wp-content\/uploads\/mary-grocery-shopping-300x225.jpg","type":"","width":"","height":""}],"twitter_misc":{"Tiempo de lectura":"1 minuto"},"schema":{"@context":"https:\/\/schema.org","@graph":[{"@type":"WebPage","@id":"https:\/\/monarchils.com\/independent-living-services\/","url":"https:\/\/monarchils.com\/independent-living-services\/","name":"Independent Living Services - Monarch ILS","isPartOf":{"@id":"https:\/\/monarchils.com\/#website"},"primaryImageOfPage":{"@id":"https:\/\/monarchils.com\/independent-living-services\/#primaryimage"},"image":{"@id":"https:\/\/monarchils.com\/independent-living-services\/#primaryimage"},"thumbnailUrl":"https:\/\/monarchils.com\/\/wp-content\/uploads\/mary-grocery-shopping-300x225.jpg","datePublished":"2019-10-04T18:25:42+00:00","dateModified":"2023-01-27T18:49:21+00:00","breadcrumb":{"@id":"https:\/\/monarchils.com\/independent-living-services\/#breadcrumb"},"inLanguage":"es","potentialAction":[{"@type":"ReadAction","target":["https:\/\/monarchils.com\/independent-living-services\/"]}]},{"@type":"ImageObject","inLanguage":"es","@id":"https:\/\/monarchils.com\/independent-living-services\/#primaryimage","url":"https:\/\/monarchils.com\/\/wp-content\/uploads\/mary-grocery-shopping-300x225.jpg","contentUrl":"https:\/\/monarchils.com\/\/wp-content\/uploads\/mary-grocery-shopping-300x225.jpg"},{"@type":"BreadcrumbList","@id":"https:\/\/monarchils.com\/independent-living-services\/#breadcrumb","itemListElement":[{"@type":"ListItem","position":1,"name":"Home","item":"https:\/\/monarchils.com\/"},{"@type":"ListItem","position":2,"name":"Independent Living Services"}]},{"@type":"WebSite","@id":"https:\/\/monarchils.com\/#website","url":"https:\/\/monarchils.com\/","name":"Monarch ILS","description":"","publisher":{"@id":"https:\/\/monarchils.com\/#organization"},"potentialAction":[{"@type":"SearchAction","target":{"@type":"EntryPoint","urlTemplate":"https:\/\/monarchils.com\/?s={search_term_string}"},"query-input":{"@type":"PropertyValueSpecification","valueRequired":true,"valueName":"search_term_string"}}],"inLanguage":"es"},{"@type":"Organization","@id":"https:\/\/monarchils.com\/#organization","name":"Monarch ILS","url":"https:\/\/monarchils.com\/","logo":{"@type":"ImageObject","inLanguage":"es","@id":"https:\/\/monarchils.com\/#\/schema\/logo\/image\/","url":"https:\/\/i0.wp.com\/monarchils.com\/wp-content\/uploads\/Monarch-logo-horizontal_transparent-1-2.png?fit=2500%2C498&ssl=1","contentUrl":"https:\/\/i0.wp.com\/monarchils.com\/wp-content\/uploads\/Monarch-logo-horizontal_transparent-1-2.png?fit=2500%2C498&ssl=1","width":2500,"height":498,"caption":"Monarch ILS"},"image":{"@id":"https:\/\/monarchils.com\/#\/schema\/logo\/image\/"},"sameAs":["https:\/\/www.facebook.com\/pages\/Monarch-Independent-Living-Services-Inc\/290666804692"]}]}},"jetpack_sharing_enabled":true,"jetpack_shortlink":"https:\/\/wp.me\/P7i5mi-fy","_links":{"self":[{"href":"https:\/\/monarchils.com\/es\/wp-json\/wp\/v2\/pages\/964","targetHints":{"allow":["GET"]}}],"collection":[{"href":"https:\/\/monarchils.com\/es\/wp-json\/wp\/v2\/pages"}],"about":[{"href":"https:\/\/monarchils.com\/es\/wp-json\/wp\/v2\/types\/page"}],"author":[{"embeddable":true,"href":"https:\/\/monarchils.com\/es\/wp-json\/wp\/v2\/users\/3"}],"replies":[{"embeddable":true,"href":"https:\/\/monarchils.com\/es\/wp-json\/wp\/v2\/comments?post=964"}],"version-history":[{"count":3,"href":"https:\/\/monarchils.com\/es\/wp-json\/wp\/v2\/pages\/964\/revisions"}],"predecessor-version":[{"id":1371,"href":"https:\/\/monarchils.com\/es\/wp-json\/wp\/v2\/pages\/964\/revisions\/1371"}],"wp:attachment":[{"href":"https:\/\/monarchils.com\/es\/wp-json\/wp\/v2\/media?parent=964"}],"curies":[{"name":"wp","href":"https:\/\/api.w.org\/{rel}","templated":true}]}}